{"id":137,"date":"2021-03-12T21:38:55","date_gmt":"2021-03-12T20:38:55","guid":{"rendered":"https:\/\/selecla.fr\/?page_id=137"},"modified":"2023-02-10T10:58:56","modified_gmt":"2023-02-10T09:58:56","slug":"livraison","status":"publish","type":"page","link":"https:\/\/selecla.fr\/index.php\/livraison\/","title":{"rendered":"Livraison"},"content":{"rendered":"<p>Les livraisons s&rsquo;effectuent\u00a0 en France m\u00e9tropolitaine et en Espagne,et \u00eeles Canaries.<\/p>\n<p>Livraison en France :<\/p>\n<p>Tarif envoi en colissimo : 5,20 euros<\/p>\n<p>La livraison est offerte pour toute commande dont le montant est \u00e9gal ou sup\u00e9rieur \u00e0\u00a0 46 euros TTC.<\/p>\n<p>La livraison est offerte pour toute commande, sans minimum d&rsquo;achat, sur la commune de Vinon sur Verdon.<\/p>\n<p>Vous pouvez contacter le laboratoire par t\u00e9l\u00e9phone 07 49 29 60 65 ou par mail contact@selecla.fr ou utiliser le\u00a0 <a href=\"https:\/\/selecla.fr\/index.php\/contact\/\">formulaire de contact <\/a>\u00a0si vous souhaitez r\u00e9cup\u00e9rer votre commande directement \u00e0 la boutique S\u00e9l\u00e9cla au 131 chemin de Bouyte 83560 Vinon sur Verdon.<\/p>\n<p>Livraison en Espagne et \u00eeles Canaries<\/p>\n<p>Tarif envoi en colissimo : forfait 17 euros pour un poids inf\u00e9rieur \u00e0 1kg.<\/p>\n<p>&nbsp;<\/p>\n<p>&nbsp;<\/p>\n<p>&nbsp;<\/p>\n","protected":false},"excerpt":{"rendered":"<p>Les livraisons s&rsquo;effectuent\u00a0 en France m\u00e9tropolitaine et en Espagne,et \u00eeles Canaries. Livraison en France : Tarif envoi en colissimo : 5,20 euros La livraison est offerte pour toute commande dont le montant est \u00e9gal ou sup\u00e9rieur \u00e0\u00a0 46 euros TTC. La livraison est offerte pour toute commande, sans minimum d&rsquo;achat, sur la commune de Vinon &hellip; <\/p>\n<p class=\"link-more\"><a href=\"https:\/\/selecla.fr\/index.php\/livraison\/\" class=\"more-link\">Continuer la lecture<span class=\"screen-reader-text\"> de &laquo;&nbsp;Livraison&nbsp;&raquo;<\/span><\/a><\/p>\n","protected":false},"author":1,"featured_media":0,"parent":0,"menu_order":0,"comment_status":"closed","ping_status":"closed","template":"","meta":{"footnotes":""},"class_list":["post-137","page","type-page","status-publish","hentry"],"yoast_head":"<!-- This site is optimized with the Yoast SEO plugin v27.3 - https:\/\/yoast.com\/product\/yoast-seo-wordpress\/ -->\n<title>Livraison - Cr\u00e9atrice et fabricante de produits de beaut\u00e9<\/title>\n<meta name=\"robots\" content=\"index, follow, max-snippet:-1, max-image-preview:large, max-video-preview:-1\" \/>\n<link rel=\"canonical\" href=\"https:\/\/selecla.fr\/index.php\/livraison\/\" \/>\n<meta property=\"og:locale\" content=\"fr_FR\" \/>\n<meta property=\"og:type\" content=\"article\" \/>\n<meta property=\"og:title\" content=\"Livraison - Cr\u00e9atrice et fabricante de produits de beaut\u00e9\" \/>\n<meta property=\"og:description\" content=\"Les livraisons s&rsquo;effectuent\u00a0 en France m\u00e9tropolitaine et en Espagne,et \u00eeles Canaries. Livraison en France : Tarif envoi en colissimo : 5,20 euros La livraison est offerte pour toute commande dont le montant est \u00e9gal ou sup\u00e9rieur \u00e0\u00a0 46 euros TTC. La livraison est offerte pour toute commande, sans minimum d&rsquo;achat, sur la commune de Vinon &hellip; Continuer la lecture de &laquo;&nbsp;Livraison&nbsp;&raquo;\" \/>\n<meta property=\"og:url\" content=\"https:\/\/selecla.fr\/index.php\/livraison\/\" \/>\n<meta property=\"og:site_name\" content=\"Cr\u00e9atrice et fabricante de produits de beaut\u00e9\" \/>\n<meta property=\"article:modified_time\" content=\"2023-02-10T09:58:56+00:00\" \/>\n<meta name=\"twitter:card\" content=\"summary_large_image\" \/>\n<meta name=\"twitter:label1\" content=\"Dur\u00e9e de lecture estim\u00e9e\" \/>\n\t<meta name=\"twitter:data1\" content=\"1 minute\" \/>\n<script type=\"application\/ld+json\" class=\"yoast-schema-graph\">{\"@context\":\"https:\\\/\\\/schema.org\",\"@graph\":[{\"@type\":\"WebPage\",\"@id\":\"https:\\\/\\\/selecla.fr\\\/index.php\\\/livraison\\\/\",\"url\":\"https:\\\/\\\/selecla.fr\\\/index.php\\\/livraison\\\/\",\"name\":\"Livraison - Cr\u00e9atrice et fabricante de produits de beaut\u00e9\",\"isPartOf\":{\"@id\":\"https:\\\/\\\/selecla.fr\\\/#website\"},\"datePublished\":\"2021-03-12T20:38:55+00:00\",\"dateModified\":\"2023-02-10T09:58:56+00:00\",\"breadcrumb\":{\"@id\":\"https:\\\/\\\/selecla.fr\\\/index.php\\\/livraison\\\/#breadcrumb\"},\"inLanguage\":\"fr-FR\",\"potentialAction\":[{\"@type\":\"ReadAction\",\"target\":[\"https:\\\/\\\/selecla.fr\\\/index.php\\\/livraison\\\/\"]}]},{\"@type\":\"BreadcrumbList\",\"@id\":\"https:\\\/\\\/selecla.fr\\\/index.php\\\/livraison\\\/#breadcrumb\",\"itemListElement\":[{\"@type\":\"ListItem\",\"position\":1,\"name\":\"Boutique\",\"item\":\"https:\\\/\\\/selecla.fr\\\/\"},{\"@type\":\"ListItem\",\"position\":2,\"name\":\"Livraison\"}]},{\"@type\":\"WebSite\",\"@id\":\"https:\\\/\\\/selecla.fr\\\/#website\",\"url\":\"https:\\\/\\\/selecla.fr\\\/\",\"name\":\"Cr\u00e9atrice et fabricante de produits de beaut\u00e9\",\"description\":\"Fabrication artisanale   en Provence\",\"publisher\":{\"@id\":\"https:\\\/\\\/selecla.fr\\\/#organization\"},\"potentialAction\":[{\"@type\":\"SearchAction\",\"target\":{\"@type\":\"EntryPoint\",\"urlTemplate\":\"https:\\\/\\\/selecla.fr\\\/?s={search_term_string}\"},\"query-input\":{\"@type\":\"PropertyValueSpecification\",\"valueRequired\":true,\"valueName\":\"search_term_string\"}}],\"inLanguage\":\"fr-FR\"},{\"@type\":\"Organization\",\"@id\":\"https:\\\/\\\/selecla.fr\\\/#organization\",\"name\":\"Cr\u00e9atrice et fabricante de produits de beaut\u00e9\",\"url\":\"https:\\\/\\\/selecla.fr\\\/\",\"logo\":{\"@type\":\"ImageObject\",\"inLanguage\":\"fr-FR\",\"@id\":\"https:\\\/\\\/selecla.fr\\\/#\\\/schema\\\/logo\\\/image\\\/\",\"url\":\"https:\\\/\\\/i0.wp.com\\\/selecla.fr\\\/wp-content\\\/uploads\\\/2025\\\/12\\\/cropped-SELECLA_LOGO_WHITE_2048_CROP.png?fit=747%2C250&ssl=1\",\"contentUrl\":\"https:\\\/\\\/i0.wp.com\\\/selecla.fr\\\/wp-content\\\/uploads\\\/2025\\\/12\\\/cropped-SELECLA_LOGO_WHITE_2048_CROP.png?fit=747%2C250&ssl=1\",\"width\":747,\"height\":250,\"caption\":\"Cr\u00e9atrice et fabricante de produits de beaut\u00e9\"},\"image\":{\"@id\":\"https:\\\/\\\/selecla.fr\\\/#\\\/schema\\\/logo\\\/image\\\/\"}}]}<\/script>\n<!-- \/ Yoast SEO plugin. -->","yoast_head_json":{"title":"Livraison - Cr\u00e9atrice et fabricante de produits de beaut\u00e9","robots":{"index":"index","follow":"follow","max-snippet":"max-snippet:-1","max-image-preview":"max-image-preview:large","max-video-preview":"max-video-preview:-1"},"canonical":"https:\/\/selecla.fr\/index.php\/livraison\/","og_locale":"fr_FR","og_type":"article","og_title":"Livraison - Cr\u00e9atrice et fabricante de produits de beaut\u00e9","og_description":"Les livraisons s&rsquo;effectuent\u00a0 en France m\u00e9tropolitaine et en Espagne,et \u00eeles Canaries. Livraison en France : Tarif envoi en colissimo : 5,20 euros La livraison est offerte pour toute commande dont le montant est \u00e9gal ou sup\u00e9rieur \u00e0\u00a0 46 euros TTC. La livraison est offerte pour toute commande, sans minimum d&rsquo;achat, sur la commune de Vinon &hellip; Continuer la lecture de &laquo;&nbsp;Livraison&nbsp;&raquo;","og_url":"https:\/\/selecla.fr\/index.php\/livraison\/","og_site_name":"Cr\u00e9atrice et fabricante de produits de beaut\u00e9","article_modified_time":"2023-02-10T09:58:56+00:00","twitter_card":"summary_large_image","twitter_misc":{"Dur\u00e9e de lecture estim\u00e9e":"1 minute"},"schema":{"@context":"https:\/\/schema.org","@graph":[{"@type":"WebPage","@id":"https:\/\/selecla.fr\/index.php\/livraison\/","url":"https:\/\/selecla.fr\/index.php\/livraison\/","name":"Livraison - Cr\u00e9atrice et fabricante de produits de beaut\u00e9","isPartOf":{"@id":"https:\/\/selecla.fr\/#website"},"datePublished":"2021-03-12T20:38:55+00:00","dateModified":"2023-02-10T09:58:56+00:00","breadcrumb":{"@id":"https:\/\/selecla.fr\/index.php\/livraison\/#breadcrumb"},"inLanguage":"fr-FR","potentialAction":[{"@type":"ReadAction","target":["https:\/\/selecla.fr\/index.php\/livraison\/"]}]},{"@type":"BreadcrumbList","@id":"https:\/\/selecla.fr\/index.php\/livraison\/#breadcrumb","itemListElement":[{"@type":"ListItem","position":1,"name":"Boutique","item":"https:\/\/selecla.fr\/"},{"@type":"ListItem","position":2,"name":"Livraison"}]},{"@type":"WebSite","@id":"https:\/\/selecla.fr\/#website","url":"https:\/\/selecla.fr\/","name":"Cr\u00e9atrice et fabricante de produits de beaut\u00e9","description":"Fabrication artisanale   en Provence","publisher":{"@id":"https:\/\/selecla.fr\/#organization"},"potentialAction":[{"@type":"SearchAction","target":{"@type":"EntryPoint","urlTemplate":"https:\/\/selecla.fr\/?s={search_term_string}"},"query-input":{"@type":"PropertyValueSpecification","valueRequired":true,"valueName":"search_term_string"}}],"inLanguage":"fr-FR"},{"@type":"Organization","@id":"https:\/\/selecla.fr\/#organization","name":"Cr\u00e9atrice et fabricante de produits de beaut\u00e9","url":"https:\/\/selecla.fr\/","logo":{"@type":"ImageObject","inLanguage":"fr-FR","@id":"https:\/\/selecla.fr\/#\/schema\/logo\/image\/","url":"https:\/\/i0.wp.com\/selecla.fr\/wp-content\/uploads\/2025\/12\/cropped-SELECLA_LOGO_WHITE_2048_CROP.png?fit=747%2C250&ssl=1","contentUrl":"https:\/\/i0.wp.com\/selecla.fr\/wp-content\/uploads\/2025\/12\/cropped-SELECLA_LOGO_WHITE_2048_CROP.png?fit=747%2C250&ssl=1","width":747,"height":250,"caption":"Cr\u00e9atrice et fabricante de produits de beaut\u00e9"},"image":{"@id":"https:\/\/selecla.fr\/#\/schema\/logo\/image\/"}}]}},"jetpack_sharing_enabled":true,"_links":{"self":[{"href":"https:\/\/selecla.fr\/index.php\/wp-json\/wp\/v2\/pages\/137","targetHints":{"allow":["GET"]}}],"collection":[{"href":"https:\/\/selecla.fr\/index.php\/wp-json\/wp\/v2\/pages"}],"about":[{"href":"https:\/\/selecla.fr\/index.php\/wp-json\/wp\/v2\/types\/page"}],"author":[{"embeddable":true,"href":"https:\/\/selecla.fr\/index.php\/wp-json\/wp\/v2\/users\/1"}],"replies":[{"embeddable":true,"href":"https:\/\/selecla.fr\/index.php\/wp-json\/wp\/v2\/comments?post=137"}],"version-history":[{"count":11,"href":"https:\/\/selecla.fr\/index.php\/wp-json\/wp\/v2\/pages\/137\/revisions"}],"predecessor-version":[{"id":726,"href":"https:\/\/selecla.fr\/index.php\/wp-json\/wp\/v2\/pages\/137\/revisions\/726"}],"wp:attachment":[{"href":"https:\/\/selecla.fr\/index.php\/wp-json\/wp\/v2\/media?parent=137"}],"curies":[{"name":"wp","href":"https:\/\/api.w.org\/{rel}","templated":true}]}}