{"id":142,"date":"2021-03-13T10:58:55","date_gmt":"2021-03-13T09:58:55","guid":{"rendered":"https:\/\/selecla.fr\/?page_id=142"},"modified":"2021-11-26T08:44:38","modified_gmt":"2021-11-26T07:44:38","slug":"paiement-securise","status":"publish","type":"page","link":"https:\/\/selecla.fr\/index.php\/paiement-securise\/","title":{"rendered":"Paiement s\u00e9curis\u00e9"},"content":{"rendered":"<div class=\"col-md-6\">\n<h1><strong>Paiement s\u00e9curis\u00e9<\/strong><\/h1>\n<p><span style=\"font-size: 1rem;\">Les transactions sont crypt\u00e9es et s\u00e9curis\u00e9es selon les normes de s\u00e9curit\u00e9 actuelles les plus \u00e9lev\u00e9es (certificat SSL de cryptage des donn\u00e9es). Et tout le site ob\u00e9it au protocole HTTPS. <\/span><span style=\"font-size: 1rem;\">Toutes les informations bancaires sont g\u00e9r\u00e9es par notre partenaire la <strong>Banque Populaire<\/strong>\u00a0<\/span><strong style=\"font-size: 1rem;\"> Systempay (BPA).<\/strong><\/p>\n<p>De plus le paiement est s\u00e9curis\u00e9 par le protocole <strong>3D SECURE<\/strong>. Il s\u2019agit d\u2019un protocole interbancaire permettant d\u2019offrir un haut niveau de s\u00e9curit\u00e9 pour les paiements en ligne.<\/p>\n<p><strong style=\"font-size: 1rem;\"><span style=\"font-size: 1rem;\">Nous n\u2019avons aucun acc\u00e8s \u00e0 vos informations bancaires.\u00a0<\/span><\/strong><\/p>\n<p>Nous acceptons les paiements par cartes\u00a0 <strong>CB<\/strong>, <strong>VISA<\/strong>,\u00a0<strong>MasterCard\u00a0<\/strong>et\u00a0<strong>American Express<\/strong><\/p>\n<\/div>\n<div class=\"col-md-6\">\n<p>&nbsp;<\/p>\n<\/div>\n","protected":false},"excerpt":{"rendered":"<p>Paiement s\u00e9curis\u00e9 Les transactions sont crypt\u00e9es et s\u00e9curis\u00e9es selon les normes de s\u00e9curit\u00e9 actuelles les plus \u00e9lev\u00e9es (certificat SSL de cryptage des donn\u00e9es). Et tout le site ob\u00e9it au protocole HTTPS. Toutes les informations bancaires sont g\u00e9r\u00e9es par notre partenaire la Banque Populaire\u00a0 Systempay (BPA). De plus le paiement est s\u00e9curis\u00e9 par le protocole 3D &hellip; <\/p>\n<p class=\"link-more\"><a href=\"https:\/\/selecla.fr\/index.php\/paiement-securise\/\" class=\"more-link\">Continuer la lecture<span class=\"screen-reader-text\"> de &laquo;&nbsp;Paiement s\u00e9curis\u00e9&nbsp;&raquo;<\/span><\/a><\/p>\n","protected":false},"author":1,"featured_media":0,"parent":0,"menu_order":0,"comment_status":"closed","ping_status":"closed","template":"","meta":{"footnotes":""},"class_list":["post-142","page","type-page","status-publish","hentry"],"yoast_head":"<!-- This site is optimized with the Yoast SEO plugin v27.3 - https:\/\/yoast.com\/product\/yoast-seo-wordpress\/ -->\n<title>Paiement s\u00e9curis\u00e9 - Cr\u00e9atrice et fabricante de produits de beaut\u00e9<\/title>\n<meta name=\"robots\" content=\"index, follow, max-snippet:-1, max-image-preview:large, max-video-preview:-1\" \/>\n<link rel=\"canonical\" href=\"https:\/\/selecla.fr\/index.php\/paiement-securise\/\" \/>\n<meta property=\"og:locale\" content=\"fr_FR\" \/>\n<meta property=\"og:type\" content=\"article\" \/>\n<meta property=\"og:title\" content=\"Paiement s\u00e9curis\u00e9 - Cr\u00e9atrice et fabricante de produits de beaut\u00e9\" \/>\n<meta property=\"og:description\" content=\"Paiement s\u00e9curis\u00e9 Les transactions sont crypt\u00e9es et s\u00e9curis\u00e9es selon les normes de s\u00e9curit\u00e9 actuelles les plus \u00e9lev\u00e9es (certificat SSL de cryptage des donn\u00e9es). Et tout le site ob\u00e9it au protocole HTTPS. Toutes les informations bancaires sont g\u00e9r\u00e9es par notre partenaire la Banque Populaire\u00a0 Systempay (BPA). De plus le paiement est s\u00e9curis\u00e9 par le protocole 3D &hellip; Continuer la lecture de &laquo;&nbsp;Paiement s\u00e9curis\u00e9&nbsp;&raquo;\" \/>\n<meta property=\"og:url\" content=\"https:\/\/selecla.fr\/index.php\/paiement-securise\/\" \/>\n<meta property=\"og:site_name\" content=\"Cr\u00e9atrice et fabricante de produits de beaut\u00e9\" \/>\n<meta property=\"article:modified_time\" content=\"2021-11-26T07:44:38+00:00\" \/>\n<meta name=\"twitter:card\" content=\"summary_large_image\" \/>\n<meta name=\"twitter:label1\" content=\"Dur\u00e9e de lecture estim\u00e9e\" \/>\n\t<meta name=\"twitter:data1\" content=\"1 minute\" \/>\n<script type=\"application\/ld+json\" class=\"yoast-schema-graph\">{\"@context\":\"https:\\\/\\\/schema.org\",\"@graph\":[{\"@type\":\"WebPage\",\"@id\":\"https:\\\/\\\/selecla.fr\\\/index.php\\\/paiement-securise\\\/\",\"url\":\"https:\\\/\\\/selecla.fr\\\/index.php\\\/paiement-securise\\\/\",\"name\":\"Paiement s\u00e9curis\u00e9 - Cr\u00e9atrice et fabricante de produits de beaut\u00e9\",\"isPartOf\":{\"@id\":\"https:\\\/\\\/selecla.fr\\\/#website\"},\"datePublished\":\"2021-03-13T09:58:55+00:00\",\"dateModified\":\"2021-11-26T07:44:38+00:00\",\"breadcrumb\":{\"@id\":\"https:\\\/\\\/selecla.fr\\\/index.php\\\/paiement-securise\\\/#breadcrumb\"},\"inLanguage\":\"fr-FR\",\"potentialAction\":[{\"@type\":\"ReadAction\",\"target\":[\"https:\\\/\\\/selecla.fr\\\/index.php\\\/paiement-securise\\\/\"]}]},{\"@type\":\"BreadcrumbList\",\"@id\":\"https:\\\/\\\/selecla.fr\\\/index.php\\\/paiement-securise\\\/#breadcrumb\",\"itemListElement\":[{\"@type\":\"ListItem\",\"position\":1,\"name\":\"Boutique\",\"item\":\"https:\\\/\\\/selecla.fr\\\/\"},{\"@type\":\"ListItem\",\"position\":2,\"name\":\"Paiement s\u00e9curis\u00e9\"}]},{\"@type\":\"WebSite\",\"@id\":\"https:\\\/\\\/selecla.fr\\\/#website\",\"url\":\"https:\\\/\\\/selecla.fr\\\/\",\"name\":\"Cr\u00e9atrice et fabricante de produits de beaut\u00e9\",\"description\":\"Fabrication artisanale   en Provence\",\"publisher\":{\"@id\":\"https:\\\/\\\/selecla.fr\\\/#organization\"},\"potentialAction\":[{\"@type\":\"SearchAction\",\"target\":{\"@type\":\"EntryPoint\",\"urlTemplate\":\"https:\\\/\\\/selecla.fr\\\/?s={search_term_string}\"},\"query-input\":{\"@type\":\"PropertyValueSpecification\",\"valueRequired\":true,\"valueName\":\"search_term_string\"}}],\"inLanguage\":\"fr-FR\"},{\"@type\":\"Organization\",\"@id\":\"https:\\\/\\\/selecla.fr\\\/#organization\",\"name\":\"Cr\u00e9atrice et fabricante de produits de beaut\u00e9\",\"url\":\"https:\\\/\\\/selecla.fr\\\/\",\"logo\":{\"@type\":\"ImageObject\",\"inLanguage\":\"fr-FR\",\"@id\":\"https:\\\/\\\/selecla.fr\\\/#\\\/schema\\\/logo\\\/image\\\/\",\"url\":\"https:\\\/\\\/i0.wp.com\\\/selecla.fr\\\/wp-content\\\/uploads\\\/2025\\\/12\\\/cropped-SELECLA_LOGO_WHITE_2048_CROP.png?fit=747%2C250&ssl=1\",\"contentUrl\":\"https:\\\/\\\/i0.wp.com\\\/selecla.fr\\\/wp-content\\\/uploads\\\/2025\\\/12\\\/cropped-SELECLA_LOGO_WHITE_2048_CROP.png?fit=747%2C250&ssl=1\",\"width\":747,\"height\":250,\"caption\":\"Cr\u00e9atrice et fabricante de produits de beaut\u00e9\"},\"image\":{\"@id\":\"https:\\\/\\\/selecla.fr\\\/#\\\/schema\\\/logo\\\/image\\\/\"}}]}<\/script>\n<!-- \/ Yoast SEO plugin. -->","yoast_head_json":{"title":"Paiement s\u00e9curis\u00e9 - Cr\u00e9atrice et fabricante de produits de beaut\u00e9","robots":{"index":"index","follow":"follow","max-snippet":"max-snippet:-1","max-image-preview":"max-image-preview:large","max-video-preview":"max-video-preview:-1"},"canonical":"https:\/\/selecla.fr\/index.php\/paiement-securise\/","og_locale":"fr_FR","og_type":"article","og_title":"Paiement s\u00e9curis\u00e9 - Cr\u00e9atrice et fabricante de produits de beaut\u00e9","og_description":"Paiement s\u00e9curis\u00e9 Les transactions sont crypt\u00e9es et s\u00e9curis\u00e9es selon les normes de s\u00e9curit\u00e9 actuelles les plus \u00e9lev\u00e9es (certificat SSL de cryptage des donn\u00e9es). Et tout le site ob\u00e9it au protocole HTTPS. Toutes les informations bancaires sont g\u00e9r\u00e9es par notre partenaire la Banque Populaire\u00a0 Systempay (BPA). De plus le paiement est s\u00e9curis\u00e9 par le protocole 3D &hellip; Continuer la lecture de &laquo;&nbsp;Paiement s\u00e9curis\u00e9&nbsp;&raquo;","og_url":"https:\/\/selecla.fr\/index.php\/paiement-securise\/","og_site_name":"Cr\u00e9atrice et fabricante de produits de beaut\u00e9","article_modified_time":"2021-11-26T07:44:38+00:00","twitter_card":"summary_large_image","twitter_misc":{"Dur\u00e9e de lecture estim\u00e9e":"1 minute"},"schema":{"@context":"https:\/\/schema.org","@graph":[{"@type":"WebPage","@id":"https:\/\/selecla.fr\/index.php\/paiement-securise\/","url":"https:\/\/selecla.fr\/index.php\/paiement-securise\/","name":"Paiement s\u00e9curis\u00e9 - Cr\u00e9atrice et fabricante de produits de beaut\u00e9","isPartOf":{"@id":"https:\/\/selecla.fr\/#website"},"datePublished":"2021-03-13T09:58:55+00:00","dateModified":"2021-11-26T07:44:38+00:00","breadcrumb":{"@id":"https:\/\/selecla.fr\/index.php\/paiement-securise\/#breadcrumb"},"inLanguage":"fr-FR","potentialAction":[{"@type":"ReadAction","target":["https:\/\/selecla.fr\/index.php\/paiement-securise\/"]}]},{"@type":"BreadcrumbList","@id":"https:\/\/selecla.fr\/index.php\/paiement-securise\/#breadcrumb","itemListElement":[{"@type":"ListItem","position":1,"name":"Boutique","item":"https:\/\/selecla.fr\/"},{"@type":"ListItem","position":2,"name":"Paiement s\u00e9curis\u00e9"}]},{"@type":"WebSite","@id":"https:\/\/selecla.fr\/#website","url":"https:\/\/selecla.fr\/","name":"Cr\u00e9atrice et fabricante de produits de beaut\u00e9","description":"Fabrication artisanale   en Provence","publisher":{"@id":"https:\/\/selecla.fr\/#organization"},"potentialAction":[{"@type":"SearchAction","target":{"@type":"EntryPoint","urlTemplate":"https:\/\/selecla.fr\/?s={search_term_string}"},"query-input":{"@type":"PropertyValueSpecification","valueRequired":true,"valueName":"search_term_string"}}],"inLanguage":"fr-FR"},{"@type":"Organization","@id":"https:\/\/selecla.fr\/#organization","name":"Cr\u00e9atrice et fabricante de produits de beaut\u00e9","url":"https:\/\/selecla.fr\/","logo":{"@type":"ImageObject","inLanguage":"fr-FR","@id":"https:\/\/selecla.fr\/#\/schema\/logo\/image\/","url":"https:\/\/i0.wp.com\/selecla.fr\/wp-content\/uploads\/2025\/12\/cropped-SELECLA_LOGO_WHITE_2048_CROP.png?fit=747%2C250&ssl=1","contentUrl":"https:\/\/i0.wp.com\/selecla.fr\/wp-content\/uploads\/2025\/12\/cropped-SELECLA_LOGO_WHITE_2048_CROP.png?fit=747%2C250&ssl=1","width":747,"height":250,"caption":"Cr\u00e9atrice et fabricante de produits de beaut\u00e9"},"image":{"@id":"https:\/\/selecla.fr\/#\/schema\/logo\/image\/"}}]}},"jetpack_sharing_enabled":true,"_links":{"self":[{"href":"https:\/\/selecla.fr\/index.php\/wp-json\/wp\/v2\/pages\/142","targetHints":{"allow":["GET"]}}],"collection":[{"href":"https:\/\/selecla.fr\/index.php\/wp-json\/wp\/v2\/pages"}],"about":[{"href":"https:\/\/selecla.fr\/index.php\/wp-json\/wp\/v2\/types\/page"}],"author":[{"embeddable":true,"href":"https:\/\/selecla.fr\/index.php\/wp-json\/wp\/v2\/users\/1"}],"replies":[{"embeddable":true,"href":"https:\/\/selecla.fr\/index.php\/wp-json\/wp\/v2\/comments?post=142"}],"version-history":[{"count":3,"href":"https:\/\/selecla.fr\/index.php\/wp-json\/wp\/v2\/pages\/142\/revisions"}],"predecessor-version":[{"id":472,"href":"https:\/\/selecla.fr\/index.php\/wp-json\/wp\/v2\/pages\/142\/revisions\/472"}],"wp:attachment":[{"href":"https:\/\/selecla.fr\/index.php\/wp-json\/wp\/v2\/media?parent=142"}],"curies":[{"name":"wp","href":"https:\/\/api.w.org\/{rel}","templated":true}]}}