{"id":15,"date":"2021-03-01T08:51:49","date_gmt":"2021-03-01T07:51:49","guid":{"rendered":"https:\/\/selecla.fr\/?page_id=15"},"modified":"2025-12-05T11:07:26","modified_gmt":"2025-12-05T10:07:26","slug":"selecla-cosmetique","status":"publish","type":"page","link":"https:\/\/selecla.fr\/index.php\/selecla-cosmetique\/","title":{"rendered":"LA MARQUE S\u00c9L\u00c9CLA"},"content":{"rendered":"<p><img data-recalc-dims=\"1\" loading=\"lazy\" decoding=\"async\" class=\"aligncenter wp-image-971 size-full\" src=\"https:\/\/i0.wp.com\/selecla.fr\/wp-content\/uploads\/2025\/12\/SELECLA_LOGO_PINK.png?resize=525%2C180&#038;ssl=1\" alt=\"\" width=\"525\" height=\"180\" srcset=\"https:\/\/i0.wp.com\/selecla.fr\/wp-content\/uploads\/2025\/12\/SELECLA_LOGO_PINK.png?w=2048&amp;ssl=1 2048w, https:\/\/i0.wp.com\/selecla.fr\/wp-content\/uploads\/2025\/12\/SELECLA_LOGO_PINK.png?resize=300%2C103&amp;ssl=1 300w, https:\/\/i0.wp.com\/selecla.fr\/wp-content\/uploads\/2025\/12\/SELECLA_LOGO_PINK.png?resize=1024%2C351&amp;ssl=1 1024w, https:\/\/i0.wp.com\/selecla.fr\/wp-content\/uploads\/2025\/12\/SELECLA_LOGO_PINK.png?resize=768%2C263&amp;ssl=1 768w, https:\/\/i0.wp.com\/selecla.fr\/wp-content\/uploads\/2025\/12\/SELECLA_LOGO_PINK.png?resize=1536%2C526&amp;ssl=1 1536w, https:\/\/i0.wp.com\/selecla.fr\/wp-content\/uploads\/2025\/12\/SELECLA_LOGO_PINK.png?resize=350%2C120&amp;ssl=1 350w\" sizes=\"auto, (max-width: 767px) 89vw, (max-width: 1000px) 54vw, (max-width: 1071px) 543px, 580px\" \/><\/p>\n<p>&nbsp;<\/p>\n<p><img data-recalc-dims=\"1\" loading=\"lazy\" decoding=\"async\" class=\"wp-image-249 size-medium alignright\" style=\"font-weight: bold; color: #666666; font-size: 0.8125rem; font-style: italic;\" src=\"https:\/\/i0.wp.com\/selecla.fr\/wp-content\/uploads\/2021\/04\/affiche-selecla-5.jpg?resize=225%2C300&#038;ssl=1\" alt=\"\" width=\"225\" height=\"300\" srcset=\"https:\/\/i0.wp.com\/selecla.fr\/wp-content\/uploads\/2021\/04\/affiche-selecla-5-scaled.jpg?resize=225%2C300&amp;ssl=1 225w, https:\/\/i0.wp.com\/selecla.fr\/wp-content\/uploads\/2021\/04\/affiche-selecla-5-scaled.jpg?resize=768%2C1024&amp;ssl=1 768w, https:\/\/i0.wp.com\/selecla.fr\/wp-content\/uploads\/2021\/04\/affiche-selecla-5-scaled.jpg?resize=1152%2C1536&amp;ssl=1 1152w, https:\/\/i0.wp.com\/selecla.fr\/wp-content\/uploads\/2021\/04\/affiche-selecla-5-scaled.jpg?resize=1536%2C2048&amp;ssl=1 1536w, https:\/\/i0.wp.com\/selecla.fr\/wp-content\/uploads\/2021\/04\/affiche-selecla-5-scaled.jpg?resize=350%2C467&amp;ssl=1 350w, https:\/\/i0.wp.com\/selecla.fr\/wp-content\/uploads\/2021\/04\/affiche-selecla-5-scaled.jpg?w=1920&amp;ssl=1 1920w, https:\/\/i0.wp.com\/selecla.fr\/wp-content\/uploads\/2021\/04\/affiche-selecla-5-scaled.jpg?w=1050&amp;ssl=1 1050w\" sizes=\"auto, (max-width: 225px) 100vw, 225px\" \/><\/p>\n<p>&nbsp;<\/p>\n<p><span style=\"font-size: 1rem;\">Les cosm\u00e9tiques S\u00e9l\u00e9cla sont des produits de beaut\u00e9\u00a0 \u00e9labor\u00e9<\/span><span style=\"font-size: 1rem;\">s<\/span><span style=\"font-size: 1rem;\"> \u00e0 partir d&rsquo;ingr\u00e9dients <\/span><span style=\"font-size: 1rem;\">\u00a0biologiques,<\/span><span style=\"font-size: 1rem;\">\u00a0et <\/span><span style=\"font-size: 1rem;\">naturels.\u00a0<\/span><span style=\"font-size: 1rem;\">Ces ingr\u00e9dients <\/span><span style=\"font-size: 1rem;\">\u00a0ont \u00e9t\u00e9\u00a0<\/span><span style=\"font-size: 1rem;\">s\u00e9lectionn\u00e9s pour leurs bienfaits sur la peau.<\/span><\/p>\n<p><span style=\"font-size: 1rem;\">Les cosm\u00e9tiques S\u00e9l\u00e9cla sont <\/span><span style=\"font-size: 1rem;\">fabriqu\u00e9s<\/span> <span style=\"font-size: 1rem;\">\u00a0artisanalement en Provence.<\/span><\/p>\n<p><span style=\"color: #339966;\"><strong>Histoire d&rsquo;une marque\u00a0 Fran\u00e7aise : les cosm\u00e9tiques s\u00e9l\u00e9cla<\/strong><\/span><\/p>\n<p>La marque de cosm\u00e9tiques S\u00e9l\u00e9cla est n\u00e9e d&rsquo;une volont\u00e9 de cr\u00e9er des produits de beaut\u00e9 sains et naturels pour r\u00e9pondre \u00e0 des clients soucieux de leur sant\u00e9 et d\u00e9sireux de pr\u00e9server notre environnement.<\/p>\n<p><img data-recalc-dims=\"1\" loading=\"lazy\" decoding=\"async\" class=\"alignnone size-full wp-image-59\" src=\"https:\/\/i0.wp.com\/selecla.fr\/wp-content\/uploads\/2021\/03\/fleur-1.png?resize=140%2C138&#038;ssl=1\" alt=\"\" width=\"140\" height=\"138\" srcset=\"https:\/\/i0.wp.com\/selecla.fr\/wp-content\/uploads\/2021\/03\/fleur-1.png?w=140&amp;ssl=1 140w, https:\/\/i0.wp.com\/selecla.fr\/wp-content\/uploads\/2021\/03\/fleur-1.png?resize=100%2C100&amp;ssl=1 100w\" sizes=\"auto, (max-width: 140px) 100vw, 140px\" \/><\/p>\n<p>Le caract\u00e8re v\u00e9g\u00e9tal et biologique des mati\u00e8res premi\u00e8res, l&rsquo;absence de sur emballage font des cosm\u00e9tiques S\u00e9l\u00e9cla des produits de beaut\u00e9 naturellement performants et respectueux de l&rsquo;environnement.<\/p>\n<p><span style=\"color: #339966;\"><strong>Mes valeurs et engagements<\/strong><\/span><\/p>\n<p><span style=\"color: #99cc00;\"><span style=\"color: #99cc00;\">1. <\/span>Des ingr\u00e9dients efficaces d&rsquo;origine naturelle<\/span><\/p>\n<p>J&rsquo;ai cr\u00e9\u00e9 une gamme de cosm\u00e9tiques compos\u00e9s d&rsquo;actifs v\u00e9g\u00e9taux issus de l&rsquo;agriculture biologique pour le maintien d&rsquo;une peau \u00e0 la fois saine et belle :<\/p>\n<ul style=\"margin-bottom: 1.5em; margin-left: 0px;\">\n<li>des huiles v\u00e9g\u00e9tales bio aux pouvoirs nourrissants (Prune, abricot, s\u00e9same, jojoba, avocat, rose musqu\u00e9e, bourrache, Inca Inchi)<\/li>\n<li>de beurre de karit\u00e9 brut et de beurre de mangue,<\/li>\n<\/ul>\n<p><img data-recalc-dims=\"1\" loading=\"lazy\" decoding=\"async\" class=\"size-medium wp-image-47 alignnone\" src=\"https:\/\/i0.wp.com\/selecla.fr\/wp-content\/uploads\/2021\/03\/DSC03581.jpg?resize=300%2C200&#038;ssl=1\" alt=\"\" width=\"300\" height=\"200\" srcset=\"https:\/\/i0.wp.com\/selecla.fr\/wp-content\/uploads\/2021\/03\/DSC03581-scaled.jpg?resize=300%2C200&amp;ssl=1 300w, https:\/\/i0.wp.com\/selecla.fr\/wp-content\/uploads\/2021\/03\/DSC03581-scaled.jpg?resize=1024%2C683&amp;ssl=1 1024w, https:\/\/i0.wp.com\/selecla.fr\/wp-content\/uploads\/2021\/03\/DSC03581-scaled.jpg?resize=768%2C512&amp;ssl=1 768w, https:\/\/i0.wp.com\/selecla.fr\/wp-content\/uploads\/2021\/03\/DSC03581-scaled.jpg?resize=1536%2C1024&amp;ssl=1 1536w, https:\/\/i0.wp.com\/selecla.fr\/wp-content\/uploads\/2021\/03\/DSC03581-scaled.jpg?resize=2048%2C1365&amp;ssl=1 2048w, https:\/\/i0.wp.com\/selecla.fr\/wp-content\/uploads\/2021\/03\/DSC03581-scaled.jpg?resize=350%2C233&amp;ssl=1 350w\" sizes=\"auto, (max-width: 300px) 100vw, 300px\" \/><\/p>\n<ul>\n<li>des hydrolats bio au caract\u00e8re hydratant (Fleur d&rsquo;oranger, rose, cassis, lavande, g\u00e9ranium, menthe poivr\u00e9e).<\/li>\n<\/ul>\n<p><span style=\"color: #99cc00;\">2. Une fabrication artisanale<\/span><\/p>\n<p>Les cosm\u00e9tiques S\u00e9l\u00e9cla sont fabriqu\u00e9s \u00e0 la main, <span style=\"font-size: 1rem;\">en petites s\u00e9ries<\/span><span style=\"font-size: 1rem;\">,\u00a0 et par des proc\u00e9d\u00e9s artisanaux.<\/span><\/p>\n<p><img data-recalc-dims=\"1\" loading=\"lazy\" decoding=\"async\" class=\"alignnone size-medium wp-image-716\" src=\"https:\/\/i0.wp.com\/selecla.fr\/wp-content\/uploads\/2022\/12\/IMG_1923.jpg?resize=300%2C200&#038;ssl=1\" alt=\"\" width=\"300\" height=\"200\" srcset=\"https:\/\/i0.wp.com\/selecla.fr\/wp-content\/uploads\/2022\/12\/IMG_1923-scaled.jpg?resize=300%2C200&amp;ssl=1 300w, https:\/\/i0.wp.com\/selecla.fr\/wp-content\/uploads\/2022\/12\/IMG_1923-scaled.jpg?resize=1024%2C683&amp;ssl=1 1024w, https:\/\/i0.wp.com\/selecla.fr\/wp-content\/uploads\/2022\/12\/IMG_1923-scaled.jpg?resize=768%2C512&amp;ssl=1 768w, https:\/\/i0.wp.com\/selecla.fr\/wp-content\/uploads\/2022\/12\/IMG_1923-scaled.jpg?w=1575&amp;ssl=1 1575w\" sizes=\"auto, (max-width: 300px) 100vw, 300px\" \/><\/p>\n<p><span style=\"color: #99cc00;\">3. Une conception et une fabrication locale<\/span><\/p>\n<p>La gamme de cosm\u00e9tique S\u00e9l\u00e9cla est pens\u00e9e, d\u00e9velopp\u00e9e et fabriqu\u00e9e enti\u00e8rement par mes soins dans mon laboratoire situ\u00e9 \u00e0 Vinon sur Verdon.<\/p>\n<p><img data-recalc-dims=\"1\" loading=\"lazy\" decoding=\"async\" class=\"size-medium wp-image-81 alignnone\" style=\"font-size: 1rem;\" src=\"https:\/\/i0.wp.com\/selecla.fr\/wp-content\/uploads\/2021\/03\/traite.png?resize=300%2C139&#038;ssl=1\" alt=\"\" width=\"300\" height=\"139\" srcset=\"https:\/\/i0.wp.com\/selecla.fr\/wp-content\/uploads\/2021\/03\/traite.png?resize=300%2C139&amp;ssl=1 300w, https:\/\/i0.wp.com\/selecla.fr\/wp-content\/uploads\/2021\/03\/traite.png?resize=1024%2C475&amp;ssl=1 1024w, https:\/\/i0.wp.com\/selecla.fr\/wp-content\/uploads\/2021\/03\/traite.png?resize=768%2C356&amp;ssl=1 768w, https:\/\/i0.wp.com\/selecla.fr\/wp-content\/uploads\/2021\/03\/traite.png?resize=350%2C162&amp;ssl=1 350w, https:\/\/i0.wp.com\/selecla.fr\/wp-content\/uploads\/2021\/03\/traite.png?w=1207&amp;ssl=1 1207w\" sizes=\"auto, (max-width: 300px) 100vw, 300px\" \/><\/p>\n<p><span style=\"color: #339966;\"><strong>Mon profil de cr\u00e9ateur et fabriquant<\/strong><\/span><\/p>\n<p>Ing\u00e9nieur de formation, forte de plus de dix ans d&rsquo;exp\u00e9rience en laboratoire, et form\u00e9e \u00e0 la cosm\u00e9tique naturelle par une professionnelle, je d\u00e9veloppe mes formules, et fabrique mes cosm\u00e9tiques en petite quantit\u00e9, de fa\u00e7on artisanale au c\u0153ur de la Provence dans le d\u00e9partement du Var \u00e0 Vinon sur Verdon.<\/p>\n<p><span class=\"im\"><b>C\u00e9lia JUNCOS<img data-recalc-dims=\"1\" loading=\"lazy\" decoding=\"async\" class=\"size-full wp-image-51 alignright\" src=\"https:\/\/i0.wp.com\/selecla.fr\/wp-content\/uploads\/2021\/03\/feuille.jpg?resize=124%2C131&#038;ssl=1\" alt=\"\" width=\"124\" height=\"131\" \/><\/b><\/span><\/p>\n<div>Responsable et Fondatrice<\/div>\n<div style=\"text-align: left;\">Laboratoire de cosm\u00e9tiques\u00a0<b>S\u00e9l\u00e9cla<\/b><\/div>\n<div><\/div>\n<div>\n<div><b>S\u00e9l\u00e9cla,\u00a0\u00e7a sublime, \u00e7a illumine,<\/b><\/div>\n<div><b>C&rsquo;est l&rsquo;\u00e9clat de la nature.<\/b><\/div>\n<\/div>\n<p>&nbsp;<\/p>\n<p><strong style=\"font-size: 1rem;\"><a href=\"https:\/\/selecla.fr\"><span style=\"color: #f78b6a;\">R<\/span><\/a><\/strong><strong style=\"font-size: 1rem;\"><a href=\"https:\/\/selecla.fr\"><span style=\"color: #f78b6a;\">ETOUR BOUTIQUE<\/span><\/a><\/strong><\/p>\n<p>&nbsp;<\/p>\n<p>&nbsp;<\/p>\n","protected":false},"excerpt":{"rendered":"<p>&nbsp; &nbsp; Les cosm\u00e9tiques S\u00e9l\u00e9cla sont des produits de beaut\u00e9\u00a0 \u00e9labor\u00e9s \u00e0 partir d&rsquo;ingr\u00e9dients \u00a0biologiques,\u00a0et naturels.\u00a0Ces ingr\u00e9dients \u00a0ont \u00e9t\u00e9\u00a0s\u00e9lectionn\u00e9s pour leurs bienfaits sur la peau. Les cosm\u00e9tiques S\u00e9l\u00e9cla sont fabriqu\u00e9s \u00a0artisanalement en Provence. Histoire d&rsquo;une marque\u00a0 Fran\u00e7aise : les cosm\u00e9tiques s\u00e9l\u00e9cla La marque de cosm\u00e9tiques S\u00e9l\u00e9cla est n\u00e9e d&rsquo;une volont\u00e9 de cr\u00e9er des produits de &hellip; <\/p>\n<p class=\"link-more\"><a href=\"https:\/\/selecla.fr\/index.php\/selecla-cosmetique\/\" class=\"more-link\">Continuer la lecture<span class=\"screen-reader-text\"> de &laquo;&nbsp;LA MARQUE S\u00c9L\u00c9CLA&nbsp;&raquo;<\/span><\/a><\/p>\n","protected":false},"author":1,"featured_media":0,"parent":0,"menu_order":0,"comment_status":"closed","ping_status":"closed","template":"","meta":{"footnotes":""},"class_list":["post-15","page","type-page","status-publish","hentry"],"yoast_head":"<!-- This site is optimized with the Yoast SEO plugin v27.3 - https:\/\/yoast.com\/product\/yoast-seo-wordpress\/ -->\n<title>S\u00e9l\u00e9cla - Cosmetiques \u00e0 base d&#039;ingr\u00e9dients biologiques - Vinon sur Verdon<\/title>\n<meta name=\"description\" content=\"Les cosm\u00e9tiques S\u00e9l\u00e9cla sont des soins\u00a0\u00e9labor\u00e9s \u00e0 partir d&#039;ingr\u00e9dients biologiques\u00a0et naturels. Cr\u00e9\u00e9s et fabriqu\u00e9s \u00e0 Vinon sur Verdon.\" \/>\n<meta name=\"robots\" content=\"index, follow, max-snippet:-1, max-image-preview:large, max-video-preview:-1\" \/>\n<link rel=\"canonical\" href=\"https:\/\/selecla.fr\/index.php\/selecla-cosmetique\/\" \/>\n<meta property=\"og:locale\" content=\"fr_FR\" \/>\n<meta property=\"og:type\" content=\"article\" \/>\n<meta property=\"og:title\" content=\"S\u00e9l\u00e9cla - Cosmetiques \u00e0 base d&#039;ingr\u00e9dients biologiques - Vinon sur Verdon\" \/>\n<meta property=\"og:description\" content=\"Les cosm\u00e9tiques S\u00e9l\u00e9cla sont des soins\u00a0\u00e9labor\u00e9s \u00e0 partir d&#039;ingr\u00e9dients biologiques\u00a0et naturels. Cr\u00e9\u00e9s et fabriqu\u00e9s \u00e0 Vinon sur Verdon.\" \/>\n<meta property=\"og:url\" content=\"https:\/\/selecla.fr\/index.php\/selecla-cosmetique\/\" \/>\n<meta property=\"og:site_name\" content=\"Cr\u00e9atrice et fabricante de produits de beaut\u00e9\" \/>\n<meta property=\"article:modified_time\" content=\"2025-12-05T10:07:26+00:00\" \/>\n<meta property=\"og:image\" content=\"https:\/\/selecla.fr\/wp-content\/uploads\/2025\/12\/SELECLA_LOGO_PINK.png\" \/>\n<meta name=\"twitter:card\" content=\"summary_large_image\" \/>\n<meta name=\"twitter:label1\" content=\"Dur\u00e9e de lecture estim\u00e9e\" \/>\n\t<meta name=\"twitter:data1\" content=\"3 minutes\" \/>\n<script type=\"application\/ld+json\" class=\"yoast-schema-graph\">{\"@context\":\"https:\\\/\\\/schema.org\",\"@graph\":[{\"@type\":\"WebPage\",\"@id\":\"https:\\\/\\\/selecla.fr\\\/index.php\\\/selecla-cosmetique\\\/\",\"url\":\"https:\\\/\\\/selecla.fr\\\/index.php\\\/selecla-cosmetique\\\/\",\"name\":\"S\u00e9l\u00e9cla - Cosmetiques \u00e0 base d'ingr\u00e9dients biologiques - Vinon sur Verdon\",\"isPartOf\":{\"@id\":\"https:\\\/\\\/selecla.fr\\\/#website\"},\"primaryImageOfPage\":{\"@id\":\"https:\\\/\\\/selecla.fr\\\/index.php\\\/selecla-cosmetique\\\/#primaryimage\"},\"image\":{\"@id\":\"https:\\\/\\\/selecla.fr\\\/index.php\\\/selecla-cosmetique\\\/#primaryimage\"},\"thumbnailUrl\":\"https:\\\/\\\/selecla.fr\\\/wp-content\\\/uploads\\\/2025\\\/12\\\/SELECLA_LOGO_PINK.png\",\"datePublished\":\"2021-03-01T07:51:49+00:00\",\"dateModified\":\"2025-12-05T10:07:26+00:00\",\"description\":\"Les cosm\u00e9tiques S\u00e9l\u00e9cla sont des soins\u00a0\u00e9labor\u00e9s \u00e0 partir d'ingr\u00e9dients biologiques\u00a0et naturels. Cr\u00e9\u00e9s et fabriqu\u00e9s \u00e0 Vinon sur Verdon.\",\"breadcrumb\":{\"@id\":\"https:\\\/\\\/selecla.fr\\\/index.php\\\/selecla-cosmetique\\\/#breadcrumb\"},\"inLanguage\":\"fr-FR\",\"potentialAction\":[{\"@type\":\"ReadAction\",\"target\":[\"https:\\\/\\\/selecla.fr\\\/index.php\\\/selecla-cosmetique\\\/\"]}]},{\"@type\":\"ImageObject\",\"inLanguage\":\"fr-FR\",\"@id\":\"https:\\\/\\\/selecla.fr\\\/index.php\\\/selecla-cosmetique\\\/#primaryimage\",\"url\":\"https:\\\/\\\/i0.wp.com\\\/selecla.fr\\\/wp-content\\\/uploads\\\/2025\\\/12\\\/SELECLA_LOGO_PINK.png?fit=2048%2C701&ssl=1\",\"contentUrl\":\"https:\\\/\\\/i0.wp.com\\\/selecla.fr\\\/wp-content\\\/uploads\\\/2025\\\/12\\\/SELECLA_LOGO_PINK.png?fit=2048%2C701&ssl=1\",\"width\":2048,\"height\":701},{\"@type\":\"BreadcrumbList\",\"@id\":\"https:\\\/\\\/selecla.fr\\\/index.php\\\/selecla-cosmetique\\\/#breadcrumb\",\"itemListElement\":[{\"@type\":\"ListItem\",\"position\":1,\"name\":\"Boutique\",\"item\":\"https:\\\/\\\/selecla.fr\\\/\"},{\"@type\":\"ListItem\",\"position\":2,\"name\":\"LA MARQUE S\u00c9L\u00c9CLA\"}]},{\"@type\":\"WebSite\",\"@id\":\"https:\\\/\\\/selecla.fr\\\/#website\",\"url\":\"https:\\\/\\\/selecla.fr\\\/\",\"name\":\"Cr\u00e9atrice et fabricante de produits de beaut\u00e9\",\"description\":\"Fabrication artisanale   en Provence\",\"publisher\":{\"@id\":\"https:\\\/\\\/selecla.fr\\\/#organization\"},\"potentialAction\":[{\"@type\":\"SearchAction\",\"target\":{\"@type\":\"EntryPoint\",\"urlTemplate\":\"https:\\\/\\\/selecla.fr\\\/?s={search_term_string}\"},\"query-input\":{\"@type\":\"PropertyValueSpecification\",\"valueRequired\":true,\"valueName\":\"search_term_string\"}}],\"inLanguage\":\"fr-FR\"},{\"@type\":\"Organization\",\"@id\":\"https:\\\/\\\/selecla.fr\\\/#organization\",\"name\":\"Cr\u00e9atrice et fabricante de produits de beaut\u00e9\",\"url\":\"https:\\\/\\\/selecla.fr\\\/\",\"logo\":{\"@type\":\"ImageObject\",\"inLanguage\":\"fr-FR\",\"@id\":\"https:\\\/\\\/selecla.fr\\\/#\\\/schema\\\/logo\\\/image\\\/\",\"url\":\"https:\\\/\\\/i0.wp.com\\\/selecla.fr\\\/wp-content\\\/uploads\\\/2025\\\/12\\\/cropped-SELECLA_LOGO_WHITE_2048_CROP.png?fit=747%2C250&ssl=1\",\"contentUrl\":\"https:\\\/\\\/i0.wp.com\\\/selecla.fr\\\/wp-content\\\/uploads\\\/2025\\\/12\\\/cropped-SELECLA_LOGO_WHITE_2048_CROP.png?fit=747%2C250&ssl=1\",\"width\":747,\"height\":250,\"caption\":\"Cr\u00e9atrice et fabricante de produits de beaut\u00e9\"},\"image\":{\"@id\":\"https:\\\/\\\/selecla.fr\\\/#\\\/schema\\\/logo\\\/image\\\/\"}}]}<\/script>\n<!-- \/ Yoast SEO plugin. -->","yoast_head_json":{"title":"S\u00e9l\u00e9cla - Cosmetiques \u00e0 base d'ingr\u00e9dients biologiques - Vinon sur Verdon","description":"Les cosm\u00e9tiques S\u00e9l\u00e9cla sont des soins\u00a0\u00e9labor\u00e9s \u00e0 partir d'ingr\u00e9dients biologiques\u00a0et naturels. Cr\u00e9\u00e9s et fabriqu\u00e9s \u00e0 Vinon sur Verdon.","robots":{"index":"index","follow":"follow","max-snippet":"max-snippet:-1","max-image-preview":"max-image-preview:large","max-video-preview":"max-video-preview:-1"},"canonical":"https:\/\/selecla.fr\/index.php\/selecla-cosmetique\/","og_locale":"fr_FR","og_type":"article","og_title":"S\u00e9l\u00e9cla - Cosmetiques \u00e0 base d'ingr\u00e9dients biologiques - Vinon sur Verdon","og_description":"Les cosm\u00e9tiques S\u00e9l\u00e9cla sont des soins\u00a0\u00e9labor\u00e9s \u00e0 partir d'ingr\u00e9dients biologiques\u00a0et naturels. Cr\u00e9\u00e9s et fabriqu\u00e9s \u00e0 Vinon sur Verdon.","og_url":"https:\/\/selecla.fr\/index.php\/selecla-cosmetique\/","og_site_name":"Cr\u00e9atrice et fabricante de produits de beaut\u00e9","article_modified_time":"2025-12-05T10:07:26+00:00","og_image":[{"url":"https:\/\/selecla.fr\/wp-content\/uploads\/2025\/12\/SELECLA_LOGO_PINK.png","type":"","width":"","height":""}],"twitter_card":"summary_large_image","twitter_misc":{"Dur\u00e9e de lecture estim\u00e9e":"3 minutes"},"schema":{"@context":"https:\/\/schema.org","@graph":[{"@type":"WebPage","@id":"https:\/\/selecla.fr\/index.php\/selecla-cosmetique\/","url":"https:\/\/selecla.fr\/index.php\/selecla-cosmetique\/","name":"S\u00e9l\u00e9cla - Cosmetiques \u00e0 base d'ingr\u00e9dients biologiques - Vinon sur Verdon","isPartOf":{"@id":"https:\/\/selecla.fr\/#website"},"primaryImageOfPage":{"@id":"https:\/\/selecla.fr\/index.php\/selecla-cosmetique\/#primaryimage"},"image":{"@id":"https:\/\/selecla.fr\/index.php\/selecla-cosmetique\/#primaryimage"},"thumbnailUrl":"https:\/\/selecla.fr\/wp-content\/uploads\/2025\/12\/SELECLA_LOGO_PINK.png","datePublished":"2021-03-01T07:51:49+00:00","dateModified":"2025-12-05T10:07:26+00:00","description":"Les cosm\u00e9tiques S\u00e9l\u00e9cla sont des soins\u00a0\u00e9labor\u00e9s \u00e0 partir d'ingr\u00e9dients biologiques\u00a0et naturels. Cr\u00e9\u00e9s et fabriqu\u00e9s \u00e0 Vinon sur Verdon.","breadcrumb":{"@id":"https:\/\/selecla.fr\/index.php\/selecla-cosmetique\/#breadcrumb"},"inLanguage":"fr-FR","potentialAction":[{"@type":"ReadAction","target":["https:\/\/selecla.fr\/index.php\/selecla-cosmetique\/"]}]},{"@type":"ImageObject","inLanguage":"fr-FR","@id":"https:\/\/selecla.fr\/index.php\/selecla-cosmetique\/#primaryimage","url":"https:\/\/i0.wp.com\/selecla.fr\/wp-content\/uploads\/2025\/12\/SELECLA_LOGO_PINK.png?fit=2048%2C701&ssl=1","contentUrl":"https:\/\/i0.wp.com\/selecla.fr\/wp-content\/uploads\/2025\/12\/SELECLA_LOGO_PINK.png?fit=2048%2C701&ssl=1","width":2048,"height":701},{"@type":"BreadcrumbList","@id":"https:\/\/selecla.fr\/index.php\/selecla-cosmetique\/#breadcrumb","itemListElement":[{"@type":"ListItem","position":1,"name":"Boutique","item":"https:\/\/selecla.fr\/"},{"@type":"ListItem","position":2,"name":"LA MARQUE S\u00c9L\u00c9CLA"}]},{"@type":"WebSite","@id":"https:\/\/selecla.fr\/#website","url":"https:\/\/selecla.fr\/","name":"Cr\u00e9atrice et fabricante de produits de beaut\u00e9","description":"Fabrication artisanale   en Provence","publisher":{"@id":"https:\/\/selecla.fr\/#organization"},"potentialAction":[{"@type":"SearchAction","target":{"@type":"EntryPoint","urlTemplate":"https:\/\/selecla.fr\/?s={search_term_string}"},"query-input":{"@type":"PropertyValueSpecification","valueRequired":true,"valueName":"search_term_string"}}],"inLanguage":"fr-FR"},{"@type":"Organization","@id":"https:\/\/selecla.fr\/#organization","name":"Cr\u00e9atrice et fabricante de produits de beaut\u00e9","url":"https:\/\/selecla.fr\/","logo":{"@type":"ImageObject","inLanguage":"fr-FR","@id":"https:\/\/selecla.fr\/#\/schema\/logo\/image\/","url":"https:\/\/i0.wp.com\/selecla.fr\/wp-content\/uploads\/2025\/12\/cropped-SELECLA_LOGO_WHITE_2048_CROP.png?fit=747%2C250&ssl=1","contentUrl":"https:\/\/i0.wp.com\/selecla.fr\/wp-content\/uploads\/2025\/12\/cropped-SELECLA_LOGO_WHITE_2048_CROP.png?fit=747%2C250&ssl=1","width":747,"height":250,"caption":"Cr\u00e9atrice et fabricante de produits de beaut\u00e9"},"image":{"@id":"https:\/\/selecla.fr\/#\/schema\/logo\/image\/"}}]}},"jetpack_sharing_enabled":true,"_links":{"self":[{"href":"https:\/\/selecla.fr\/index.php\/wp-json\/wp\/v2\/pages\/15","targetHints":{"allow":["GET"]}}],"collection":[{"href":"https:\/\/selecla.fr\/index.php\/wp-json\/wp\/v2\/pages"}],"about":[{"href":"https:\/\/selecla.fr\/index.php\/wp-json\/wp\/v2\/types\/page"}],"author":[{"embeddable":true,"href":"https:\/\/selecla.fr\/index.php\/wp-json\/wp\/v2\/users\/1"}],"replies":[{"embeddable":true,"href":"https:\/\/selecla.fr\/index.php\/wp-json\/wp\/v2\/comments?post=15"}],"version-history":[{"count":45,"href":"https:\/\/selecla.fr\/index.php\/wp-json\/wp\/v2\/pages\/15\/revisions"}],"predecessor-version":[{"id":30,"href":"https:\/\/selecla.fr\/index.php\/wp-json\/wp\/v2\/pages\/15\/revisions\/30"}],"wp:attachment":[{"href":"https:\/\/selecla.fr\/index.php\/wp-json\/wp\/v2\/media?parent=15"}],"curies":[{"name":"wp","href":"https:\/\/api.w.org\/{rel}","templated":true}]}}