{"id":21,"date":"2021-02-28T20:07:24","date_gmt":"2021-02-28T19:07:24","guid":{"rendered":"https:\/\/selecla.fr\/index.php\/mon-compte\/"},"modified":"2023-03-13T15:20:30","modified_gmt":"2023-03-13T14:20:30","slug":"mon-compte","status":"publish","type":"page","link":"https:\/\/selecla.fr\/index.php\/mon-compte\/","title":{"rendered":"MON COMPTE \ud83d\udc64"},"content":{"rendered":"<div class=\"woocommerce\"><\/div>\n","protected":false},"excerpt":{"rendered":"","protected":false},"author":1,"featured_media":0,"parent":0,"menu_order":0,"comment_status":"closed","ping_status":"closed","template":"","meta":{"footnotes":""},"class_list":["post-21","page","type-page","status-publish","hentry"],"yoast_head":"<!-- This site is optimized with the Yoast SEO plugin v27.3 - https:\/\/yoast.com\/product\/yoast-seo-wordpress\/ -->\n<title>MON COMPTE \ud83d\udc64 - Cr\u00e9atrice et fabricante de produits de beaut\u00e9<\/title>\n<meta name=\"robots\" content=\"index, follow, max-snippet:-1, max-image-preview:large, max-video-preview:-1\" \/>\n<link rel=\"canonical\" href=\"https:\/\/selecla.fr\/index.php\/mon-compte\/\" \/>\n<meta property=\"og:locale\" content=\"fr_FR\" \/>\n<meta property=\"og:type\" content=\"article\" \/>\n<meta property=\"og:title\" content=\"MON COMPTE \ud83d\udc64 - Cr\u00e9atrice et fabricante de produits de beaut\u00e9\" \/>\n<meta property=\"og:url\" content=\"https:\/\/selecla.fr\/index.php\/mon-compte\/\" \/>\n<meta property=\"og:site_name\" content=\"Cr\u00e9atrice et fabricante de produits de beaut\u00e9\" \/>\n<meta property=\"article:modified_time\" content=\"2023-03-13T14:20:30+00:00\" \/>\n<meta name=\"twitter:card\" content=\"summary_large_image\" \/>\n<meta name=\"twitter:label1\" content=\"Dur\u00e9e de lecture estim\u00e9e\" \/>\n\t<meta name=\"twitter:data1\" content=\"1 minute\" \/>\n<script type=\"application\/ld+json\" class=\"yoast-schema-graph\">{\"@context\":\"https:\\\/\\\/schema.org\",\"@graph\":[{\"@type\":\"WebPage\",\"@id\":\"https:\\\/\\\/selecla.fr\\\/index.php\\\/mon-compte\\\/\",\"url\":\"https:\\\/\\\/selecla.fr\\\/index.php\\\/mon-compte\\\/\",\"name\":\"MON COMPTE \ud83d\udc64 - Cr\u00e9atrice et fabricante de produits de beaut\u00e9\",\"isPartOf\":{\"@id\":\"https:\\\/\\\/selecla.fr\\\/#website\"},\"datePublished\":\"2021-02-28T19:07:24+00:00\",\"dateModified\":\"2023-03-13T14:20:30+00:00\",\"breadcrumb\":{\"@id\":\"https:\\\/\\\/selecla.fr\\\/index.php\\\/mon-compte\\\/#breadcrumb\"},\"inLanguage\":\"fr-FR\",\"potentialAction\":[{\"@type\":\"ReadAction\",\"target\":[\"https:\\\/\\\/selecla.fr\\\/index.php\\\/mon-compte\\\/\"]}]},{\"@type\":\"BreadcrumbList\",\"@id\":\"https:\\\/\\\/selecla.fr\\\/index.php\\\/mon-compte\\\/#breadcrumb\",\"itemListElement\":[{\"@type\":\"ListItem\",\"position\":1,\"name\":\"Boutique\",\"item\":\"https:\\\/\\\/selecla.fr\\\/\"},{\"@type\":\"ListItem\",\"position\":2,\"name\":\"MON COMPTE \ud83d\udc64\"}]},{\"@type\":\"WebSite\",\"@id\":\"https:\\\/\\\/selecla.fr\\\/#website\",\"url\":\"https:\\\/\\\/selecla.fr\\\/\",\"name\":\"Cr\u00e9atrice et fabricante de produits de beaut\u00e9\",\"description\":\"Fabrication artisanale   en Provence\",\"publisher\":{\"@id\":\"https:\\\/\\\/selecla.fr\\\/#organization\"},\"potentialAction\":[{\"@type\":\"SearchAction\",\"target\":{\"@type\":\"EntryPoint\",\"urlTemplate\":\"https:\\\/\\\/selecla.fr\\\/?s={search_term_string}\"},\"query-input\":{\"@type\":\"PropertyValueSpecification\",\"valueRequired\":true,\"valueName\":\"search_term_string\"}}],\"inLanguage\":\"fr-FR\"},{\"@type\":\"Organization\",\"@id\":\"https:\\\/\\\/selecla.fr\\\/#organization\",\"name\":\"Cr\u00e9atrice et fabricante de produits de beaut\u00e9\",\"url\":\"https:\\\/\\\/selecla.fr\\\/\",\"logo\":{\"@type\":\"ImageObject\",\"inLanguage\":\"fr-FR\",\"@id\":\"https:\\\/\\\/selecla.fr\\\/#\\\/schema\\\/logo\\\/image\\\/\",\"url\":\"https:\\\/\\\/i0.wp.com\\\/selecla.fr\\\/wp-content\\\/uploads\\\/2025\\\/12\\\/cropped-SELECLA_LOGO_WHITE_2048_CROP.png?fit=747%2C250&ssl=1\",\"contentUrl\":\"https:\\\/\\\/i0.wp.com\\\/selecla.fr\\\/wp-content\\\/uploads\\\/2025\\\/12\\\/cropped-SELECLA_LOGO_WHITE_2048_CROP.png?fit=747%2C250&ssl=1\",\"width\":747,\"height\":250,\"caption\":\"Cr\u00e9atrice et fabricante de produits de beaut\u00e9\"},\"image\":{\"@id\":\"https:\\\/\\\/selecla.fr\\\/#\\\/schema\\\/logo\\\/image\\\/\"}}]}<\/script>\n<!-- \/ Yoast SEO plugin. -->","yoast_head_json":{"title":"MON COMPTE \ud83d\udc64 - Cr\u00e9atrice et fabricante de produits de beaut\u00e9","robots":{"index":"index","follow":"follow","max-snippet":"max-snippet:-1","max-image-preview":"max-image-preview:large","max-video-preview":"max-video-preview:-1"},"canonical":"https:\/\/selecla.fr\/index.php\/mon-compte\/","og_locale":"fr_FR","og_type":"article","og_title":"MON COMPTE \ud83d\udc64 - Cr\u00e9atrice et fabricante de produits de beaut\u00e9","og_url":"https:\/\/selecla.fr\/index.php\/mon-compte\/","og_site_name":"Cr\u00e9atrice et fabricante de produits de beaut\u00e9","article_modified_time":"2023-03-13T14:20:30+00:00","twitter_card":"summary_large_image","twitter_misc":{"Dur\u00e9e de lecture estim\u00e9e":"1 minute"},"schema":{"@context":"https:\/\/schema.org","@graph":[{"@type":"WebPage","@id":"https:\/\/selecla.fr\/index.php\/mon-compte\/","url":"https:\/\/selecla.fr\/index.php\/mon-compte\/","name":"MON COMPTE \ud83d\udc64 - Cr\u00e9atrice et fabricante de produits de beaut\u00e9","isPartOf":{"@id":"https:\/\/selecla.fr\/#website"},"datePublished":"2021-02-28T19:07:24+00:00","dateModified":"2023-03-13T14:20:30+00:00","breadcrumb":{"@id":"https:\/\/selecla.fr\/index.php\/mon-compte\/#breadcrumb"},"inLanguage":"fr-FR","potentialAction":[{"@type":"ReadAction","target":["https:\/\/selecla.fr\/index.php\/mon-compte\/"]}]},{"@type":"BreadcrumbList","@id":"https:\/\/selecla.fr\/index.php\/mon-compte\/#breadcrumb","itemListElement":[{"@type":"ListItem","position":1,"name":"Boutique","item":"https:\/\/selecla.fr\/"},{"@type":"ListItem","position":2,"name":"MON COMPTE \ud83d\udc64"}]},{"@type":"WebSite","@id":"https:\/\/selecla.fr\/#website","url":"https:\/\/selecla.fr\/","name":"Cr\u00e9atrice et fabricante de produits de beaut\u00e9","description":"Fabrication artisanale   en Provence","publisher":{"@id":"https:\/\/selecla.fr\/#organization"},"potentialAction":[{"@type":"SearchAction","target":{"@type":"EntryPoint","urlTemplate":"https:\/\/selecla.fr\/?s={search_term_string}"},"query-input":{"@type":"PropertyValueSpecification","valueRequired":true,"valueName":"search_term_string"}}],"inLanguage":"fr-FR"},{"@type":"Organization","@id":"https:\/\/selecla.fr\/#organization","name":"Cr\u00e9atrice et fabricante de produits de beaut\u00e9","url":"https:\/\/selecla.fr\/","logo":{"@type":"ImageObject","inLanguage":"fr-FR","@id":"https:\/\/selecla.fr\/#\/schema\/logo\/image\/","url":"https:\/\/i0.wp.com\/selecla.fr\/wp-content\/uploads\/2025\/12\/cropped-SELECLA_LOGO_WHITE_2048_CROP.png?fit=747%2C250&ssl=1","contentUrl":"https:\/\/i0.wp.com\/selecla.fr\/wp-content\/uploads\/2025\/12\/cropped-SELECLA_LOGO_WHITE_2048_CROP.png?fit=747%2C250&ssl=1","width":747,"height":250,"caption":"Cr\u00e9atrice et fabricante de produits de beaut\u00e9"},"image":{"@id":"https:\/\/selecla.fr\/#\/schema\/logo\/image\/"}}]}},"jetpack_sharing_enabled":true,"_links":{"self":[{"href":"https:\/\/selecla.fr\/index.php\/wp-json\/wp\/v2\/pages\/21","targetHints":{"allow":["GET"]}}],"collection":[{"href":"https:\/\/selecla.fr\/index.php\/wp-json\/wp\/v2\/pages"}],"about":[{"href":"https:\/\/selecla.fr\/index.php\/wp-json\/wp\/v2\/types\/page"}],"author":[{"embeddable":true,"href":"https:\/\/selecla.fr\/index.php\/wp-json\/wp\/v2\/users\/1"}],"replies":[{"embeddable":true,"href":"https:\/\/selecla.fr\/index.php\/wp-json\/wp\/v2\/comments?post=21"}],"version-history":[{"count":3,"href":"https:\/\/selecla.fr\/index.php\/wp-json\/wp\/v2\/pages\/21\/revisions"}],"predecessor-version":[{"id":762,"href":"https:\/\/selecla.fr\/index.php\/wp-json\/wp\/v2\/pages\/21\/revisions\/762"}],"wp:attachment":[{"href":"https:\/\/selecla.fr\/index.php\/wp-json\/wp\/v2\/media?parent=21"}],"curies":[{"name":"wp","href":"https:\/\/api.w.org\/{rel}","templated":true}]}}