{"id":696,"date":"2022-11-18T09:31:49","date_gmt":"2022-11-18T08:31:49","guid":{"rendered":"https:\/\/selecla.fr\/?page_id=696"},"modified":"2024-04-11T15:38:04","modified_gmt":"2024-04-11T13:38:04","slug":"fabrication-de-cosmetiques-a-facon","status":"publish","type":"page","link":"https:\/\/selecla.fr\/index.php\/fabrication-de-cosmetiques-a-facon\/","title":{"rendered":"FABRICATION DE COSMETIQUES \u00c1  FA\u00c7ON"},"content":{"rendered":"<p>Le laboratoire S\u00e9l\u00e9cla vous conseille et vous accompagne dans la cr\u00e9ation de produits cosm\u00e9tiques en proposant des prestations allant de la formulation \u00e0 la fabrication de vos propres produits cosm\u00e9tiques personnalis\u00e9s.<\/p>\n<h1>Nous pouvons \u00e9laborer ensemble une formule unique \u00e0 partir de vos souhaits<\/h1>\n<h1>ou bien personnaliser une formule propos\u00e9e par le laboratoire<\/h1>\n<h1>ou alors fabriquer vos produits selon votre propre formule<\/h1>\n<div>Pour vous accompagner dans votre projet de fabrication de cosm\u00e9tiques \u00e0 fa\u00e7on, le laboratoire propose plusieurs services :<\/div>\n<div><\/div>\n<h3><strong>\u00a0La cr\u00e9ation de votre marque<\/strong><\/h3>\n<div><\/div>\n<h3><strong>\u00a0La formulation<\/strong> :<\/h3>\n<div>\u00a0 \u00a0 \u00a0 \u00a0 &#8211; la mise en conformit\u00e9 des formules que vous avez d\u00e9velopp\u00e9es<\/div>\n<div>ou<\/div>\n<div>\u00a0 \u00a0 \u00a0 \u00a0 \u00a0-la cr\u00e9ation de formules personnalis\u00e9es<\/div>\n<div>ou bien<\/div>\n<div>\u00a0 \u00a0 \u00a0 \u00a0 &#8211; la personnalisation de formules existantes<\/div>\n<div><\/div>\n<h3><strong>Le d\u00e9veloppement du produit<\/strong><\/h3>\n<div>le suivi de la stabilit\u00e9 et de la compatibilit\u00e9,<\/div>\n<div><\/div>\n<h3><strong>Les analyses r\u00e9glementaires, et l&rsquo;\u00e9tablissement du DIP<\/strong> gr\u00e2ce \u00e0 des partenaires sp\u00e9cialis\u00e9s en toxicologie et analyses.<\/h3>\n<div><\/div>\n<h3><strong>La fabrication et le conditionnement de produits<\/strong><\/h3>\n<p>sans minimum de commande<\/p>\n","protected":false},"excerpt":{"rendered":"<p>Le laboratoire S\u00e9l\u00e9cla vous conseille et vous accompagne dans la cr\u00e9ation de produits cosm\u00e9tiques en proposant des prestations allant de la formulation \u00e0 la fabrication de vos propres produits cosm\u00e9tiques personnalis\u00e9s. Nous pouvons \u00e9laborer ensemble une formule unique \u00e0 partir de vos souhaits ou bien personnaliser une formule propos\u00e9e par le laboratoire ou alors fabriquer &hellip; <\/p>\n<p class=\"link-more\"><a href=\"https:\/\/selecla.fr\/index.php\/fabrication-de-cosmetiques-a-facon\/\" class=\"more-link\">Continuer la lecture<span class=\"screen-reader-text\"> de &laquo;&nbsp;FABRICATION DE COSMETIQUES \u00c1  FA\u00c7ON&nbsp;&raquo;<\/span><\/a><\/p>\n","protected":false},"author":1,"featured_media":0,"parent":0,"menu_order":0,"comment_status":"closed","ping_status":"closed","template":"","meta":{"footnotes":""},"class_list":["post-696","page","type-page","status-publish","hentry"],"yoast_head":"<!-- This site is optimized with the Yoast SEO plugin v27.3 - https:\/\/yoast.com\/product\/yoast-seo-wordpress\/ -->\n<title>Fabrication de cosm\u00e9tiques \u00e0 fa\u00e7on - Cr\u00e9atrice et fabricante de produits de beaut\u00e9<\/title>\n<meta name=\"description\" content=\"Fabrication \u00e0 fa\u00e7on - cr\u00e9atrice et fabricante de cosm\u00e9tiques - cr\u00e9ation et d\u00e9veloppement de marque en laboratoire.\" \/>\n<meta name=\"robots\" content=\"index, follow, max-snippet:-1, max-image-preview:large, max-video-preview:-1\" \/>\n<link rel=\"canonical\" href=\"https:\/\/selecla.fr\/index.php\/fabrication-de-cosmetiques-a-facon\/\" \/>\n<meta property=\"og:locale\" content=\"fr_FR\" \/>\n<meta property=\"og:type\" content=\"article\" \/>\n<meta property=\"og:title\" content=\"Fabrication de cosm\u00e9tiques \u00e0 fa\u00e7on - Cr\u00e9atrice et fabricante de produits de beaut\u00e9\" \/>\n<meta property=\"og:description\" content=\"Fabrication \u00e0 fa\u00e7on - cr\u00e9atrice et fabricante de cosm\u00e9tiques - cr\u00e9ation et d\u00e9veloppement de marque en laboratoire.\" \/>\n<meta property=\"og:url\" content=\"https:\/\/selecla.fr\/index.php\/fabrication-de-cosmetiques-a-facon\/\" \/>\n<meta property=\"og:site_name\" content=\"Cr\u00e9atrice et fabricante de produits de beaut\u00e9\" \/>\n<meta property=\"article:modified_time\" content=\"2024-04-11T13:38:04+00:00\" \/>\n<meta name=\"twitter:card\" content=\"summary_large_image\" \/>\n<meta name=\"twitter:label1\" content=\"Dur\u00e9e de lecture estim\u00e9e\" \/>\n\t<meta name=\"twitter:data1\" content=\"1 minute\" \/>\n<script type=\"application\/ld+json\" class=\"yoast-schema-graph\">{\"@context\":\"https:\\\/\\\/schema.org\",\"@graph\":[{\"@type\":\"WebPage\",\"@id\":\"https:\\\/\\\/selecla.fr\\\/index.php\\\/fabrication-de-cosmetiques-a-facon\\\/\",\"url\":\"https:\\\/\\\/selecla.fr\\\/index.php\\\/fabrication-de-cosmetiques-a-facon\\\/\",\"name\":\"Fabrication de cosm\u00e9tiques \u00e0 fa\u00e7on - Cr\u00e9atrice et fabricante de produits de beaut\u00e9\",\"isPartOf\":{\"@id\":\"https:\\\/\\\/selecla.fr\\\/#website\"},\"datePublished\":\"2022-11-18T08:31:49+00:00\",\"dateModified\":\"2024-04-11T13:38:04+00:00\",\"description\":\"Fabrication \u00e0 fa\u00e7on - cr\u00e9atrice et fabricante de cosm\u00e9tiques - cr\u00e9ation et d\u00e9veloppement de marque en laboratoire.\",\"breadcrumb\":{\"@id\":\"https:\\\/\\\/selecla.fr\\\/index.php\\\/fabrication-de-cosmetiques-a-facon\\\/#breadcrumb\"},\"inLanguage\":\"fr-FR\",\"potentialAction\":[{\"@type\":\"ReadAction\",\"target\":[\"https:\\\/\\\/selecla.fr\\\/index.php\\\/fabrication-de-cosmetiques-a-facon\\\/\"]}]},{\"@type\":\"BreadcrumbList\",\"@id\":\"https:\\\/\\\/selecla.fr\\\/index.php\\\/fabrication-de-cosmetiques-a-facon\\\/#breadcrumb\",\"itemListElement\":[{\"@type\":\"ListItem\",\"position\":1,\"name\":\"Boutique\",\"item\":\"https:\\\/\\\/selecla.fr\\\/\"},{\"@type\":\"ListItem\",\"position\":2,\"name\":\"FABRICATION DE COSMETIQUES \u00c1 FA\u00c7ON\"}]},{\"@type\":\"WebSite\",\"@id\":\"https:\\\/\\\/selecla.fr\\\/#website\",\"url\":\"https:\\\/\\\/selecla.fr\\\/\",\"name\":\"Cr\u00e9atrice et fabricante de produits de beaut\u00e9\",\"description\":\"Fabrication artisanale   en Provence\",\"publisher\":{\"@id\":\"https:\\\/\\\/selecla.fr\\\/#organization\"},\"potentialAction\":[{\"@type\":\"SearchAction\",\"target\":{\"@type\":\"EntryPoint\",\"urlTemplate\":\"https:\\\/\\\/selecla.fr\\\/?s={search_term_string}\"},\"query-input\":{\"@type\":\"PropertyValueSpecification\",\"valueRequired\":true,\"valueName\":\"search_term_string\"}}],\"inLanguage\":\"fr-FR\"},{\"@type\":\"Organization\",\"@id\":\"https:\\\/\\\/selecla.fr\\\/#organization\",\"name\":\"Cr\u00e9atrice et fabricante de produits de beaut\u00e9\",\"url\":\"https:\\\/\\\/selecla.fr\\\/\",\"logo\":{\"@type\":\"ImageObject\",\"inLanguage\":\"fr-FR\",\"@id\":\"https:\\\/\\\/selecla.fr\\\/#\\\/schema\\\/logo\\\/image\\\/\",\"url\":\"https:\\\/\\\/i0.wp.com\\\/selecla.fr\\\/wp-content\\\/uploads\\\/2025\\\/12\\\/cropped-SELECLA_LOGO_WHITE_2048_CROP.png?fit=747%2C250&ssl=1\",\"contentUrl\":\"https:\\\/\\\/i0.wp.com\\\/selecla.fr\\\/wp-content\\\/uploads\\\/2025\\\/12\\\/cropped-SELECLA_LOGO_WHITE_2048_CROP.png?fit=747%2C250&ssl=1\",\"width\":747,\"height\":250,\"caption\":\"Cr\u00e9atrice et fabricante de produits de beaut\u00e9\"},\"image\":{\"@id\":\"https:\\\/\\\/selecla.fr\\\/#\\\/schema\\\/logo\\\/image\\\/\"}}]}<\/script>\n<!-- \/ Yoast SEO plugin. -->","yoast_head_json":{"title":"Fabrication de cosm\u00e9tiques \u00e0 fa\u00e7on - Cr\u00e9atrice et fabricante de produits de beaut\u00e9","description":"Fabrication \u00e0 fa\u00e7on - cr\u00e9atrice et fabricante de cosm\u00e9tiques - cr\u00e9ation et d\u00e9veloppement de marque en laboratoire.","robots":{"index":"index","follow":"follow","max-snippet":"max-snippet:-1","max-image-preview":"max-image-preview:large","max-video-preview":"max-video-preview:-1"},"canonical":"https:\/\/selecla.fr\/index.php\/fabrication-de-cosmetiques-a-facon\/","og_locale":"fr_FR","og_type":"article","og_title":"Fabrication de cosm\u00e9tiques \u00e0 fa\u00e7on - Cr\u00e9atrice et fabricante de produits de beaut\u00e9","og_description":"Fabrication \u00e0 fa\u00e7on - cr\u00e9atrice et fabricante de cosm\u00e9tiques - cr\u00e9ation et d\u00e9veloppement de marque en laboratoire.","og_url":"https:\/\/selecla.fr\/index.php\/fabrication-de-cosmetiques-a-facon\/","og_site_name":"Cr\u00e9atrice et fabricante de produits de beaut\u00e9","article_modified_time":"2024-04-11T13:38:04+00:00","twitter_card":"summary_large_image","twitter_misc":{"Dur\u00e9e de lecture estim\u00e9e":"1 minute"},"schema":{"@context":"https:\/\/schema.org","@graph":[{"@type":"WebPage","@id":"https:\/\/selecla.fr\/index.php\/fabrication-de-cosmetiques-a-facon\/","url":"https:\/\/selecla.fr\/index.php\/fabrication-de-cosmetiques-a-facon\/","name":"Fabrication de cosm\u00e9tiques \u00e0 fa\u00e7on - Cr\u00e9atrice et fabricante de produits de beaut\u00e9","isPartOf":{"@id":"https:\/\/selecla.fr\/#website"},"datePublished":"2022-11-18T08:31:49+00:00","dateModified":"2024-04-11T13:38:04+00:00","description":"Fabrication \u00e0 fa\u00e7on - cr\u00e9atrice et fabricante de cosm\u00e9tiques - cr\u00e9ation et d\u00e9veloppement de marque en laboratoire.","breadcrumb":{"@id":"https:\/\/selecla.fr\/index.php\/fabrication-de-cosmetiques-a-facon\/#breadcrumb"},"inLanguage":"fr-FR","potentialAction":[{"@type":"ReadAction","target":["https:\/\/selecla.fr\/index.php\/fabrication-de-cosmetiques-a-facon\/"]}]},{"@type":"BreadcrumbList","@id":"https:\/\/selecla.fr\/index.php\/fabrication-de-cosmetiques-a-facon\/#breadcrumb","itemListElement":[{"@type":"ListItem","position":1,"name":"Boutique","item":"https:\/\/selecla.fr\/"},{"@type":"ListItem","position":2,"name":"FABRICATION DE COSMETIQUES \u00c1 FA\u00c7ON"}]},{"@type":"WebSite","@id":"https:\/\/selecla.fr\/#website","url":"https:\/\/selecla.fr\/","name":"Cr\u00e9atrice et fabricante de produits de beaut\u00e9","description":"Fabrication artisanale   en Provence","publisher":{"@id":"https:\/\/selecla.fr\/#organization"},"potentialAction":[{"@type":"SearchAction","target":{"@type":"EntryPoint","urlTemplate":"https:\/\/selecla.fr\/?s={search_term_string}"},"query-input":{"@type":"PropertyValueSpecification","valueRequired":true,"valueName":"search_term_string"}}],"inLanguage":"fr-FR"},{"@type":"Organization","@id":"https:\/\/selecla.fr\/#organization","name":"Cr\u00e9atrice et fabricante de produits de beaut\u00e9","url":"https:\/\/selecla.fr\/","logo":{"@type":"ImageObject","inLanguage":"fr-FR","@id":"https:\/\/selecla.fr\/#\/schema\/logo\/image\/","url":"https:\/\/i0.wp.com\/selecla.fr\/wp-content\/uploads\/2025\/12\/cropped-SELECLA_LOGO_WHITE_2048_CROP.png?fit=747%2C250&ssl=1","contentUrl":"https:\/\/i0.wp.com\/selecla.fr\/wp-content\/uploads\/2025\/12\/cropped-SELECLA_LOGO_WHITE_2048_CROP.png?fit=747%2C250&ssl=1","width":747,"height":250,"caption":"Cr\u00e9atrice et fabricante de produits de beaut\u00e9"},"image":{"@id":"https:\/\/selecla.fr\/#\/schema\/logo\/image\/"}}]}},"jetpack_sharing_enabled":true,"_links":{"self":[{"href":"https:\/\/selecla.fr\/index.php\/wp-json\/wp\/v2\/pages\/696","targetHints":{"allow":["GET"]}}],"collection":[{"href":"https:\/\/selecla.fr\/index.php\/wp-json\/wp\/v2\/pages"}],"about":[{"href":"https:\/\/selecla.fr\/index.php\/wp-json\/wp\/v2\/types\/page"}],"author":[{"embeddable":true,"href":"https:\/\/selecla.fr\/index.php\/wp-json\/wp\/v2\/users\/1"}],"replies":[{"embeddable":true,"href":"https:\/\/selecla.fr\/index.php\/wp-json\/wp\/v2\/comments?post=696"}],"version-history":[{"count":13,"href":"https:\/\/selecla.fr\/index.php\/wp-json\/wp\/v2\/pages\/696\/revisions"}],"predecessor-version":[{"id":765,"href":"https:\/\/selecla.fr\/index.php\/wp-json\/wp\/v2\/pages\/696\/revisions\/765"}],"wp:attachment":[{"href":"https:\/\/selecla.fr\/index.php\/wp-json\/wp\/v2\/media?parent=696"}],"curies":[{"name":"wp","href":"https:\/\/api.w.org\/{rel}","templated":true}]}}