{"id":692,"date":"2022-11-13T17:09:00","date_gmt":"2022-11-13T16:09:00","guid":{"rendered":"https:\/\/selecla.fr\/?post_type=product&#038;p=692"},"modified":"2023-03-10T14:49:32","modified_gmt":"2023-03-10T13:49:32","slug":"coffret-beaute-du-visage","status":"publish","type":"product","link":"https:\/\/selecla.fr\/index.php\/produit\/coffret-beaute-du-visage\/","title":{"rendered":"Coffret beaut\u00e9 du visage"},"content":{"rendered":"<p>Ce coffret est compos\u00e9 de :<\/p>\n<p>&#8211; un s\u00e9rum huileux visage, illuminateur de teint<\/p>\n<p>&#8211; un d\u00e9maquillant bi-phas\u00e9<\/p>\n<p>&#8211; 2 carr\u00e9s d\u00e9maquillants<\/p>\n<p>&#8211; 1 trousse en tissu<\/p>\n<p>le tout dans une bo\u00eete cadeau<\/p>\n","protected":false},"excerpt":{"rendered":"<p>Ce coffret est compos\u00e9 de : &#8211; un s\u00e9rum huileux visage, illuminateur de teint &#8211; un d\u00e9maquillant bi-phas\u00e9 &#8211; 2 carr\u00e9s d\u00e9maquillants &#8211; 1 trousse en tissu le tout dans une bo\u00eete cadeau<\/p>\n","protected":false},"featured_media":685,"comment_status":"closed","ping_status":"closed","template":"","meta":[],"product_brand":[],"product_cat":[28],"product_tag":[],"class_list":{"0":"post-692","1":"product","2":"type-product","3":"status-publish","4":"has-post-thumbnail","6":"product_cat-coffrets-cadeaux","8":"first","9":"instock","10":"shipping-taxable","11":"purchasable","12":"product-type-simple"},"yoast_head":"<!-- This site is optimized with the Yoast SEO plugin v27.3 - https:\/\/yoast.com\/product\/yoast-seo-wordpress\/ -->\n<title>Coffret beaut\u00e9 du visage - Cr\u00e9atrice et fabricante de produits de beaut\u00e9<\/title>\n<meta name=\"robots\" content=\"index, follow, max-snippet:-1, max-image-preview:large, max-video-preview:-1\" \/>\n<link rel=\"canonical\" href=\"https:\/\/selecla.fr\/index.php\/produit\/coffret-beaute-du-visage\/\" \/>\n<meta property=\"og:locale\" content=\"fr_FR\" \/>\n<meta property=\"og:type\" content=\"article\" \/>\n<meta property=\"og:title\" content=\"Coffret beaut\u00e9 du visage - Cr\u00e9atrice et fabricante de produits de beaut\u00e9\" \/>\n<meta property=\"og:description\" content=\"Ce coffret est compos\u00e9 de : &#8211; un s\u00e9rum huileux visage, illuminateur de teint &#8211; un d\u00e9maquillant bi-phas\u00e9 &#8211; 2 carr\u00e9s d\u00e9maquillants &#8211; 1 trousse en tissu le tout dans une bo\u00eete cadeau\" \/>\n<meta property=\"og:url\" content=\"https:\/\/selecla.fr\/index.php\/produit\/coffret-beaute-du-visage\/\" \/>\n<meta property=\"og:site_name\" content=\"Cr\u00e9atrice et fabricante de produits de beaut\u00e9\" \/>\n<meta property=\"article:modified_time\" content=\"2023-03-10T13:49:32+00:00\" \/>\n<meta property=\"og:image\" content=\"https:\/\/selecla.fr\/wp-content\/uploads\/2022\/11\/IMG_20221009_135143-scaled.jpg\" \/>\n\t<meta property=\"og:image:width\" content=\"1920\" \/>\n\t<meta property=\"og:image:height\" content=\"2560\" \/>\n\t<meta property=\"og:image:type\" content=\"image\/jpeg\" \/>\n<meta name=\"twitter:card\" content=\"summary_large_image\" \/>\n<meta name=\"twitter:label1\" content=\"Dur\u00e9e de lecture estim\u00e9e\" \/>\n\t<meta name=\"twitter:data1\" content=\"1 minute\" \/>\n<script type=\"application\/ld+json\" class=\"yoast-schema-graph\">{\"@context\":\"https:\\\/\\\/schema.org\",\"@graph\":[{\"@type\":\"WebPage\",\"@id\":\"https:\\\/\\\/selecla.fr\\\/index.php\\\/produit\\\/coffret-beaute-du-visage\\\/\",\"url\":\"https:\\\/\\\/selecla.fr\\\/index.php\\\/produit\\\/coffret-beaute-du-visage\\\/\",\"name\":\"Coffret beaut\u00e9 du visage - Cr\u00e9atrice et fabricante de produits de beaut\u00e9\",\"isPartOf\":{\"@id\":\"https:\\\/\\\/selecla.fr\\\/#website\"},\"primaryImageOfPage\":{\"@id\":\"https:\\\/\\\/selecla.fr\\\/index.php\\\/produit\\\/coffret-beaute-du-visage\\\/#primaryimage\"},\"image\":{\"@id\":\"https:\\\/\\\/selecla.fr\\\/index.php\\\/produit\\\/coffret-beaute-du-visage\\\/#primaryimage\"},\"thumbnailUrl\":\"https:\\\/\\\/i0.wp.com\\\/selecla.fr\\\/wp-content\\\/uploads\\\/2022\\\/11\\\/IMG_20221009_135143-scaled.jpg?fit=1920%2C2560&ssl=1\",\"datePublished\":\"2022-11-13T16:09:00+00:00\",\"dateModified\":\"2023-03-10T13:49:32+00:00\",\"breadcrumb\":{\"@id\":\"https:\\\/\\\/selecla.fr\\\/index.php\\\/produit\\\/coffret-beaute-du-visage\\\/#breadcrumb\"},\"inLanguage\":\"fr-FR\",\"potentialAction\":[{\"@type\":\"ReadAction\",\"target\":[\"https:\\\/\\\/selecla.fr\\\/index.php\\\/produit\\\/coffret-beaute-du-visage\\\/\"]}]},{\"@type\":\"ImageObject\",\"inLanguage\":\"fr-FR\",\"@id\":\"https:\\\/\\\/selecla.fr\\\/index.php\\\/produit\\\/coffret-beaute-du-visage\\\/#primaryimage\",\"url\":\"https:\\\/\\\/i0.wp.com\\\/selecla.fr\\\/wp-content\\\/uploads\\\/2022\\\/11\\\/IMG_20221009_135143-scaled.jpg?fit=1920%2C2560&ssl=1\",\"contentUrl\":\"https:\\\/\\\/i0.wp.com\\\/selecla.fr\\\/wp-content\\\/uploads\\\/2022\\\/11\\\/IMG_20221009_135143-scaled.jpg?fit=1920%2C2560&ssl=1\",\"width\":1920,\"height\":2560},{\"@type\":\"BreadcrumbList\",\"@id\":\"https:\\\/\\\/selecla.fr\\\/index.php\\\/produit\\\/coffret-beaute-du-visage\\\/#breadcrumb\",\"itemListElement\":[{\"@type\":\"ListItem\",\"position\":1,\"name\":\"Boutique\",\"item\":\"https:\\\/\\\/selecla.fr\\\/\"},{\"@type\":\"ListItem\",\"position\":2,\"name\":\"LA BOUTIQUE\",\"item\":\"https:\\\/\\\/selecla.fr\\\/\"},{\"@type\":\"ListItem\",\"position\":3,\"name\":\"Coffret beaut\u00e9 du visage\"}]},{\"@type\":\"WebSite\",\"@id\":\"https:\\\/\\\/selecla.fr\\\/#website\",\"url\":\"https:\\\/\\\/selecla.fr\\\/\",\"name\":\"Cr\u00e9atrice et fabricante de produits de beaut\u00e9\",\"description\":\"Fabrication artisanale   en Provence\",\"publisher\":{\"@id\":\"https:\\\/\\\/selecla.fr\\\/#organization\"},\"potentialAction\":[{\"@type\":\"SearchAction\",\"target\":{\"@type\":\"EntryPoint\",\"urlTemplate\":\"https:\\\/\\\/selecla.fr\\\/?s={search_term_string}\"},\"query-input\":{\"@type\":\"PropertyValueSpecification\",\"valueRequired\":true,\"valueName\":\"search_term_string\"}}],\"inLanguage\":\"fr-FR\"},{\"@type\":\"Organization\",\"@id\":\"https:\\\/\\\/selecla.fr\\\/#organization\",\"name\":\"Cr\u00e9atrice et fabricante de produits de beaut\u00e9\",\"url\":\"https:\\\/\\\/selecla.fr\\\/\",\"logo\":{\"@type\":\"ImageObject\",\"inLanguage\":\"fr-FR\",\"@id\":\"https:\\\/\\\/selecla.fr\\\/#\\\/schema\\\/logo\\\/image\\\/\",\"url\":\"https:\\\/\\\/i0.wp.com\\\/selecla.fr\\\/wp-content\\\/uploads\\\/2025\\\/12\\\/cropped-SELECLA_LOGO_WHITE_2048_CROP.png?fit=747%2C250&ssl=1\",\"contentUrl\":\"https:\\\/\\\/i0.wp.com\\\/selecla.fr\\\/wp-content\\\/uploads\\\/2025\\\/12\\\/cropped-SELECLA_LOGO_WHITE_2048_CROP.png?fit=747%2C250&ssl=1\",\"width\":747,\"height\":250,\"caption\":\"Cr\u00e9atrice et fabricante de produits de beaut\u00e9\"},\"image\":{\"@id\":\"https:\\\/\\\/selecla.fr\\\/#\\\/schema\\\/logo\\\/image\\\/\"}}]}<\/script>\n<!-- \/ Yoast SEO plugin. -->","yoast_head_json":{"title":"Coffret beaut\u00e9 du visage - Cr\u00e9atrice et fabricante de produits de beaut\u00e9","robots":{"index":"index","follow":"follow","max-snippet":"max-snippet:-1","max-image-preview":"max-image-preview:large","max-video-preview":"max-video-preview:-1"},"canonical":"https:\/\/selecla.fr\/index.php\/produit\/coffret-beaute-du-visage\/","og_locale":"fr_FR","og_type":"article","og_title":"Coffret beaut\u00e9 du visage - Cr\u00e9atrice et fabricante de produits de beaut\u00e9","og_description":"Ce coffret est compos\u00e9 de : &#8211; un s\u00e9rum huileux visage, illuminateur de teint &#8211; un d\u00e9maquillant bi-phas\u00e9 &#8211; 2 carr\u00e9s d\u00e9maquillants &#8211; 1 trousse en tissu le tout dans une bo\u00eete cadeau","og_url":"https:\/\/selecla.fr\/index.php\/produit\/coffret-beaute-du-visage\/","og_site_name":"Cr\u00e9atrice et fabricante de produits de beaut\u00e9","article_modified_time":"2023-03-10T13:49:32+00:00","og_image":[{"width":1920,"height":2560,"url":"https:\/\/selecla.fr\/wp-content\/uploads\/2022\/11\/IMG_20221009_135143-scaled.jpg","type":"image\/jpeg"}],"twitter_card":"summary_large_image","twitter_misc":{"Dur\u00e9e de lecture estim\u00e9e":"1 minute"},"schema":{"@context":"https:\/\/schema.org","@graph":[{"@type":"WebPage","@id":"https:\/\/selecla.fr\/index.php\/produit\/coffret-beaute-du-visage\/","url":"https:\/\/selecla.fr\/index.php\/produit\/coffret-beaute-du-visage\/","name":"Coffret beaut\u00e9 du visage - Cr\u00e9atrice et fabricante de produits de beaut\u00e9","isPartOf":{"@id":"https:\/\/selecla.fr\/#website"},"primaryImageOfPage":{"@id":"https:\/\/selecla.fr\/index.php\/produit\/coffret-beaute-du-visage\/#primaryimage"},"image":{"@id":"https:\/\/selecla.fr\/index.php\/produit\/coffret-beaute-du-visage\/#primaryimage"},"thumbnailUrl":"https:\/\/i0.wp.com\/selecla.fr\/wp-content\/uploads\/2022\/11\/IMG_20221009_135143-scaled.jpg?fit=1920%2C2560&ssl=1","datePublished":"2022-11-13T16:09:00+00:00","dateModified":"2023-03-10T13:49:32+00:00","breadcrumb":{"@id":"https:\/\/selecla.fr\/index.php\/produit\/coffret-beaute-du-visage\/#breadcrumb"},"inLanguage":"fr-FR","potentialAction":[{"@type":"ReadAction","target":["https:\/\/selecla.fr\/index.php\/produit\/coffret-beaute-du-visage\/"]}]},{"@type":"ImageObject","inLanguage":"fr-FR","@id":"https:\/\/selecla.fr\/index.php\/produit\/coffret-beaute-du-visage\/#primaryimage","url":"https:\/\/i0.wp.com\/selecla.fr\/wp-content\/uploads\/2022\/11\/IMG_20221009_135143-scaled.jpg?fit=1920%2C2560&ssl=1","contentUrl":"https:\/\/i0.wp.com\/selecla.fr\/wp-content\/uploads\/2022\/11\/IMG_20221009_135143-scaled.jpg?fit=1920%2C2560&ssl=1","width":1920,"height":2560},{"@type":"BreadcrumbList","@id":"https:\/\/selecla.fr\/index.php\/produit\/coffret-beaute-du-visage\/#breadcrumb","itemListElement":[{"@type":"ListItem","position":1,"name":"Boutique","item":"https:\/\/selecla.fr\/"},{"@type":"ListItem","position":2,"name":"LA BOUTIQUE","item":"https:\/\/selecla.fr\/"},{"@type":"ListItem","position":3,"name":"Coffret beaut\u00e9 du visage"}]},{"@type":"WebSite","@id":"https:\/\/selecla.fr\/#website","url":"https:\/\/selecla.fr\/","name":"Cr\u00e9atrice et fabricante de produits de beaut\u00e9","description":"Fabrication artisanale   en Provence","publisher":{"@id":"https:\/\/selecla.fr\/#organization"},"potentialAction":[{"@type":"SearchAction","target":{"@type":"EntryPoint","urlTemplate":"https:\/\/selecla.fr\/?s={search_term_string}"},"query-input":{"@type":"PropertyValueSpecification","valueRequired":true,"valueName":"search_term_string"}}],"inLanguage":"fr-FR"},{"@type":"Organization","@id":"https:\/\/selecla.fr\/#organization","name":"Cr\u00e9atrice et fabricante de produits de beaut\u00e9","url":"https:\/\/selecla.fr\/","logo":{"@type":"ImageObject","inLanguage":"fr-FR","@id":"https:\/\/selecla.fr\/#\/schema\/logo\/image\/","url":"https:\/\/i0.wp.com\/selecla.fr\/wp-content\/uploads\/2025\/12\/cropped-SELECLA_LOGO_WHITE_2048_CROP.png?fit=747%2C250&ssl=1","contentUrl":"https:\/\/i0.wp.com\/selecla.fr\/wp-content\/uploads\/2025\/12\/cropped-SELECLA_LOGO_WHITE_2048_CROP.png?fit=747%2C250&ssl=1","width":747,"height":250,"caption":"Cr\u00e9atrice et fabricante de produits de beaut\u00e9"},"image":{"@id":"https:\/\/selecla.fr\/#\/schema\/logo\/image\/"}}]}},"jetpack_sharing_enabled":true,"_links":{"self":[{"href":"https:\/\/selecla.fr\/index.php\/wp-json\/wp\/v2\/product\/692","targetHints":{"allow":["GET"]}}],"collection":[{"href":"https:\/\/selecla.fr\/index.php\/wp-json\/wp\/v2\/product"}],"about":[{"href":"https:\/\/selecla.fr\/index.php\/wp-json\/wp\/v2\/types\/product"}],"replies":[{"embeddable":true,"href":"https:\/\/selecla.fr\/index.php\/wp-json\/wp\/v2\/comments?post=692"}],"wp:featuredmedia":[{"embeddable":true,"href":"https:\/\/selecla.fr\/index.php\/wp-json\/wp\/v2\/media\/685"}],"wp:attachment":[{"href":"https:\/\/selecla.fr\/index.php\/wp-json\/wp\/v2\/media?parent=692"}],"wp:term":[{"taxonomy":"product_brand","embeddable":true,"href":"https:\/\/selecla.fr\/index.php\/wp-json\/wp\/v2\/product_brand?post=692"},{"taxonomy":"product_cat","embeddable":true,"href":"https:\/\/selecla.fr\/index.php\/wp-json\/wp\/v2\/product_cat?post=692"},{"taxonomy":"product_tag","embeddable":true,"href":"https:\/\/selecla.fr\/index.php\/wp-json\/wp\/v2\/product_tag?post=692"}],"curies":[{"name":"wp","href":"https:\/\/api.w.org\/{rel}","templated":true}]}}