{"id":827,"date":"2023-11-19T20:27:59","date_gmt":"2023-11-19T19:27:59","guid":{"rendered":"https:\/\/selecla.fr\/?post_type=product&#038;p=827"},"modified":"2024-01-22T17:30:32","modified_gmt":"2024-01-22T16:30:32","slug":"baume-a-levres","status":"publish","type":"product","link":"https:\/\/selecla.fr\/index.php\/produit\/baume-a-levres\/","title":{"rendered":"Baume \u00e0 l\u00e8vres"},"content":{"rendered":"<h2><\/h2>\n<p><span style=\"color: #f29052;\"><strong>Baume \u00e0 l\u00e8vres \u00e0 l&rsquo;huile de noyau d&rsquo;abricot hydratante<\/strong><\/span><\/p>\n<p><strong>Pr\u00e9sentation<\/strong><\/p>\n<p>Ce baume \u00e0 l\u00e8vres est <span style=\"font-size: 1rem;\">un soin nourrissant et r\u00e9parateur. Il sera parfait pour prendre soin des l\u00e8vres ass\u00e9ch\u00e9es et pr\u00e9venir des<\/span><span style=\"font-size: 1rem;\"> \u00a0ger\u00e7ures.<\/span><\/p>\n<p><span style=\"font-size: 1rem;\">Il est compos\u00e9 de 2 huiles v\u00e9g\u00e9tales pr\u00e9cieuses de qualit\u00e9 biologique aux multiples vertus et de cire d&rsquo;abeille :<\/span><\/p>\n<p><strong><span style=\"color: #339966;\">L&rsquo;huile v\u00e9g\u00e9tale de noyau d&rsquo;abricot <\/span><\/strong>est une huile aux propri\u00e9t\u00e9s hydratante et nourrissantes particuli\u00e8rement adapt\u00e9e aux peaux s\u00e8ches.<\/p>\n<p><strong><span style=\"color: #339966;\">L&rsquo;huile v\u00e9g\u00e9tale de jojoba<\/span><\/strong> assouplit la peau; elle est excellente pour pr\u00e9venir et lutter contre les effets du froid.<\/p>\n<p><strong><span style=\"color: #339966;\">La cire d&rsquo;abeille <\/span><\/strong>\u00a0permet de nourrir et cicatriser les peaux en souffrance. Elle offre \u00e9galement une protection pour pr\u00e9venir des\u00a0<span style=\"font-size: 1rem;\">ger\u00e7ures.<\/span><span style=\"font-size: 1rem;\">\u00a0<\/span><\/p>\n<p><a href=\"https:\/\/selecla.fr\/index.php\/page-d-exemple\/\">Les huiles v\u00e9g\u00e9tales\u00a0 en cosm\u00e9tique : bienfaits et utilisations\u00a0<\/a><\/p>\n<p><strong>Profil<\/strong><\/p>\n<p>Texture : baume solide au toucher fondant<\/p>\n<p>Odeur :\u00a0 cire<\/p>\n<p>Bienfaits des huiles :\u00a0 nourrissant\/ protecteur<\/p>\n<p><strong>Conseils d\u2019utilisation\u00a0<\/strong><\/p>\n<p>Appliquer sur les l\u00e8vres<\/p>\n<p><strong>Composition<\/strong><\/p>\n<p>INCI : S<span style=\"font-size: 1rem;\">immondsia chinensis seed oil*, <\/span><span style=\"font-size: 1rem;\">\u00a0cera alba*, cocos nucifera oil*, <\/span><span style=\"font-size: 1rem;\">prunus armeniaca kernel oil*, macadamia ternifera seed oil*, euphorbia cerifera cera*, <\/span><span style=\"font-size: 1rem;\">tocopherol.<\/span><\/p>\n<p>*\u00a0 Ingr\u00e9dients issus de l\u2019agriculture biologique<\/p>\n<p>100% du total des ingr\u00e9dients sont d\u2019origine naturelle<\/p>\n<p>99,5 % du total des ingr\u00e9dients issus de l\u2019Agriculture Biologique<\/p>\n","protected":false},"excerpt":{"rendered":"<p><span style=\"color: #000000;\">Baume \u00e0 l\u00e8vres , au toucher fondant qui apporte de la souplesse et du r\u00e9confort aux l\u00e8vres abim\u00e8es.<\/span><\/p>\n<p>&nbsp;<\/p>\n<p>Poids : 5,6 g<\/p>\n","protected":false},"featured_media":855,"comment_status":"open","ping_status":"closed","template":"","meta":[],"product_brand":[],"product_cat":[23,24],"product_tag":[],"class_list":{"0":"post-827","1":"product","2":"type-product","3":"status-publish","4":"has-post-thumbnail","6":"product_cat-soins-du-visage","7":"product_cat-tous-les-soins","9":"first","10":"instock","11":"shipping-taxable","12":"purchasable","13":"product-type-simple"},"yoast_head":"<!-- This site is optimized with the Yoast SEO plugin v27.4 - https:\/\/yoast.com\/product\/yoast-seo-wordpress\/ -->\n<title>Baume \u00e0 l\u00e8vres - Cr\u00e9atrice et fabricante de produits de beaut\u00e9<\/title>\n<meta name=\"robots\" content=\"index, follow, max-snippet:-1, max-image-preview:large, max-video-preview:-1\" \/>\n<link rel=\"canonical\" href=\"https:\/\/selecla.fr\/index.php\/produit\/baume-a-levres\/\" \/>\n<meta property=\"og:locale\" content=\"fr_FR\" \/>\n<meta property=\"og:type\" content=\"article\" \/>\n<meta property=\"og:title\" content=\"Baume \u00e0 l\u00e8vres - Cr\u00e9atrice et fabricante de produits de beaut\u00e9\" \/>\n<meta property=\"og:description\" content=\"Baume \u00e0 l\u00e8vres , au toucher fondant qui apporte de la souplesse et du r\u00e9confort aux l\u00e8vres abim\u00e8es.  &nbsp;  Poids : 5,6 g\" \/>\n<meta property=\"og:url\" content=\"https:\/\/selecla.fr\/index.php\/produit\/baume-a-levres\/\" \/>\n<meta property=\"og:site_name\" content=\"Cr\u00e9atrice et fabricante de produits de beaut\u00e9\" \/>\n<meta property=\"article:modified_time\" content=\"2024-01-22T16:30:32+00:00\" \/>\n<meta property=\"og:image\" content=\"https:\/\/selecla.fr\/wp-content\/uploads\/2024\/01\/Untitled-image-38.png\" \/>\n\t<meta property=\"og:image:width\" content=\"648\" \/>\n\t<meta property=\"og:image:height\" content=\"648\" \/>\n\t<meta property=\"og:image:type\" content=\"image\/png\" \/>\n<meta name=\"twitter:card\" content=\"summary_large_image\" \/>\n<meta name=\"twitter:label1\" content=\"Dur\u00e9e de lecture estim\u00e9e\" \/>\n\t<meta name=\"twitter:data1\" content=\"2 minutes\" \/>\n<script type=\"application\/ld+json\" class=\"yoast-schema-graph\">{\"@context\":\"https:\\\/\\\/schema.org\",\"@graph\":[{\"@type\":\"WebPage\",\"@id\":\"https:\\\/\\\/selecla.fr\\\/index.php\\\/produit\\\/baume-a-levres\\\/\",\"url\":\"https:\\\/\\\/selecla.fr\\\/index.php\\\/produit\\\/baume-a-levres\\\/\",\"name\":\"Baume \u00e0 l\u00e8vres - Cr\u00e9atrice et fabricante de produits de beaut\u00e9\",\"isPartOf\":{\"@id\":\"https:\\\/\\\/selecla.fr\\\/#website\"},\"primaryImageOfPage\":{\"@id\":\"https:\\\/\\\/selecla.fr\\\/index.php\\\/produit\\\/baume-a-levres\\\/#primaryimage\"},\"image\":{\"@id\":\"https:\\\/\\\/selecla.fr\\\/index.php\\\/produit\\\/baume-a-levres\\\/#primaryimage\"},\"thumbnailUrl\":\"https:\\\/\\\/i0.wp.com\\\/selecla.fr\\\/wp-content\\\/uploads\\\/2024\\\/01\\\/Untitled-image-38.png?fit=648%2C648&ssl=1\",\"datePublished\":\"2023-11-19T19:27:59+00:00\",\"dateModified\":\"2024-01-22T16:30:32+00:00\",\"breadcrumb\":{\"@id\":\"https:\\\/\\\/selecla.fr\\\/index.php\\\/produit\\\/baume-a-levres\\\/#breadcrumb\"},\"inLanguage\":\"fr-FR\",\"potentialAction\":[{\"@type\":\"ReadAction\",\"target\":[\"https:\\\/\\\/selecla.fr\\\/index.php\\\/produit\\\/baume-a-levres\\\/\"]}]},{\"@type\":\"ImageObject\",\"inLanguage\":\"fr-FR\",\"@id\":\"https:\\\/\\\/selecla.fr\\\/index.php\\\/produit\\\/baume-a-levres\\\/#primaryimage\",\"url\":\"https:\\\/\\\/i0.wp.com\\\/selecla.fr\\\/wp-content\\\/uploads\\\/2024\\\/01\\\/Untitled-image-38.png?fit=648%2C648&ssl=1\",\"contentUrl\":\"https:\\\/\\\/i0.wp.com\\\/selecla.fr\\\/wp-content\\\/uploads\\\/2024\\\/01\\\/Untitled-image-38.png?fit=648%2C648&ssl=1\",\"width\":648,\"height\":648},{\"@type\":\"BreadcrumbList\",\"@id\":\"https:\\\/\\\/selecla.fr\\\/index.php\\\/produit\\\/baume-a-levres\\\/#breadcrumb\",\"itemListElement\":[{\"@type\":\"ListItem\",\"position\":1,\"name\":\"Boutique\",\"item\":\"https:\\\/\\\/selecla.fr\\\/\"},{\"@type\":\"ListItem\",\"position\":2,\"name\":\"LA BOUTIQUE\",\"item\":\"https:\\\/\\\/selecla.fr\\\/\"},{\"@type\":\"ListItem\",\"position\":3,\"name\":\"Baume \u00e0 l\u00e8vres\"}]},{\"@type\":\"WebSite\",\"@id\":\"https:\\\/\\\/selecla.fr\\\/#website\",\"url\":\"https:\\\/\\\/selecla.fr\\\/\",\"name\":\"Cr\u00e9atrice et fabricante de produits de beaut\u00e9\",\"description\":\"Fabrication artisanale   en Provence\",\"publisher\":{\"@id\":\"https:\\\/\\\/selecla.fr\\\/#organization\"},\"potentialAction\":[{\"@type\":\"SearchAction\",\"target\":{\"@type\":\"EntryPoint\",\"urlTemplate\":\"https:\\\/\\\/selecla.fr\\\/?s={search_term_string}\"},\"query-input\":{\"@type\":\"PropertyValueSpecification\",\"valueRequired\":true,\"valueName\":\"search_term_string\"}}],\"inLanguage\":\"fr-FR\"},{\"@type\":\"Organization\",\"@id\":\"https:\\\/\\\/selecla.fr\\\/#organization\",\"name\":\"Cr\u00e9atrice et fabricante de produits de beaut\u00e9\",\"url\":\"https:\\\/\\\/selecla.fr\\\/\",\"logo\":{\"@type\":\"ImageObject\",\"inLanguage\":\"fr-FR\",\"@id\":\"https:\\\/\\\/selecla.fr\\\/#\\\/schema\\\/logo\\\/image\\\/\",\"url\":\"https:\\\/\\\/i0.wp.com\\\/selecla.fr\\\/wp-content\\\/uploads\\\/2025\\\/12\\\/cropped-SELECLA_LOGO_WHITE_2048_CROP.png?fit=747%2C250&ssl=1\",\"contentUrl\":\"https:\\\/\\\/i0.wp.com\\\/selecla.fr\\\/wp-content\\\/uploads\\\/2025\\\/12\\\/cropped-SELECLA_LOGO_WHITE_2048_CROP.png?fit=747%2C250&ssl=1\",\"width\":747,\"height\":250,\"caption\":\"Cr\u00e9atrice et fabricante de produits de beaut\u00e9\"},\"image\":{\"@id\":\"https:\\\/\\\/selecla.fr\\\/#\\\/schema\\\/logo\\\/image\\\/\"}}]}<\/script>\n<!-- \/ Yoast SEO plugin. -->","yoast_head_json":{"title":"Baume \u00e0 l\u00e8vres - Cr\u00e9atrice et fabricante de produits de beaut\u00e9","robots":{"index":"index","follow":"follow","max-snippet":"max-snippet:-1","max-image-preview":"max-image-preview:large","max-video-preview":"max-video-preview:-1"},"canonical":"https:\/\/selecla.fr\/index.php\/produit\/baume-a-levres\/","og_locale":"fr_FR","og_type":"article","og_title":"Baume \u00e0 l\u00e8vres - Cr\u00e9atrice et fabricante de produits de beaut\u00e9","og_description":"Baume \u00e0 l\u00e8vres , au toucher fondant qui apporte de la souplesse et du r\u00e9confort aux l\u00e8vres abim\u00e8es.  &nbsp;  Poids : 5,6 g","og_url":"https:\/\/selecla.fr\/index.php\/produit\/baume-a-levres\/","og_site_name":"Cr\u00e9atrice et fabricante de produits de beaut\u00e9","article_modified_time":"2024-01-22T16:30:32+00:00","og_image":[{"width":648,"height":648,"url":"https:\/\/selecla.fr\/wp-content\/uploads\/2024\/01\/Untitled-image-38.png","type":"image\/png"}],"twitter_card":"summary_large_image","twitter_misc":{"Dur\u00e9e de lecture estim\u00e9e":"2 minutes"},"schema":{"@context":"https:\/\/schema.org","@graph":[{"@type":"WebPage","@id":"https:\/\/selecla.fr\/index.php\/produit\/baume-a-levres\/","url":"https:\/\/selecla.fr\/index.php\/produit\/baume-a-levres\/","name":"Baume \u00e0 l\u00e8vres - Cr\u00e9atrice et fabricante de produits de beaut\u00e9","isPartOf":{"@id":"https:\/\/selecla.fr\/#website"},"primaryImageOfPage":{"@id":"https:\/\/selecla.fr\/index.php\/produit\/baume-a-levres\/#primaryimage"},"image":{"@id":"https:\/\/selecla.fr\/index.php\/produit\/baume-a-levres\/#primaryimage"},"thumbnailUrl":"https:\/\/i0.wp.com\/selecla.fr\/wp-content\/uploads\/2024\/01\/Untitled-image-38.png?fit=648%2C648&ssl=1","datePublished":"2023-11-19T19:27:59+00:00","dateModified":"2024-01-22T16:30:32+00:00","breadcrumb":{"@id":"https:\/\/selecla.fr\/index.php\/produit\/baume-a-levres\/#breadcrumb"},"inLanguage":"fr-FR","potentialAction":[{"@type":"ReadAction","target":["https:\/\/selecla.fr\/index.php\/produit\/baume-a-levres\/"]}]},{"@type":"ImageObject","inLanguage":"fr-FR","@id":"https:\/\/selecla.fr\/index.php\/produit\/baume-a-levres\/#primaryimage","url":"https:\/\/i0.wp.com\/selecla.fr\/wp-content\/uploads\/2024\/01\/Untitled-image-38.png?fit=648%2C648&ssl=1","contentUrl":"https:\/\/i0.wp.com\/selecla.fr\/wp-content\/uploads\/2024\/01\/Untitled-image-38.png?fit=648%2C648&ssl=1","width":648,"height":648},{"@type":"BreadcrumbList","@id":"https:\/\/selecla.fr\/index.php\/produit\/baume-a-levres\/#breadcrumb","itemListElement":[{"@type":"ListItem","position":1,"name":"Boutique","item":"https:\/\/selecla.fr\/"},{"@type":"ListItem","position":2,"name":"LA BOUTIQUE","item":"https:\/\/selecla.fr\/"},{"@type":"ListItem","position":3,"name":"Baume \u00e0 l\u00e8vres"}]},{"@type":"WebSite","@id":"https:\/\/selecla.fr\/#website","url":"https:\/\/selecla.fr\/","name":"Cr\u00e9atrice et fabricante de produits de beaut\u00e9","description":"Fabrication artisanale   en Provence","publisher":{"@id":"https:\/\/selecla.fr\/#organization"},"potentialAction":[{"@type":"SearchAction","target":{"@type":"EntryPoint","urlTemplate":"https:\/\/selecla.fr\/?s={search_term_string}"},"query-input":{"@type":"PropertyValueSpecification","valueRequired":true,"valueName":"search_term_string"}}],"inLanguage":"fr-FR"},{"@type":"Organization","@id":"https:\/\/selecla.fr\/#organization","name":"Cr\u00e9atrice et fabricante de produits de beaut\u00e9","url":"https:\/\/selecla.fr\/","logo":{"@type":"ImageObject","inLanguage":"fr-FR","@id":"https:\/\/selecla.fr\/#\/schema\/logo\/image\/","url":"https:\/\/i0.wp.com\/selecla.fr\/wp-content\/uploads\/2025\/12\/cropped-SELECLA_LOGO_WHITE_2048_CROP.png?fit=747%2C250&ssl=1","contentUrl":"https:\/\/i0.wp.com\/selecla.fr\/wp-content\/uploads\/2025\/12\/cropped-SELECLA_LOGO_WHITE_2048_CROP.png?fit=747%2C250&ssl=1","width":747,"height":250,"caption":"Cr\u00e9atrice et fabricante de produits de beaut\u00e9"},"image":{"@id":"https:\/\/selecla.fr\/#\/schema\/logo\/image\/"}}]}},"jetpack_sharing_enabled":true,"_links":{"self":[{"href":"https:\/\/selecla.fr\/index.php\/wp-json\/wp\/v2\/product\/827","targetHints":{"allow":["GET"]}}],"collection":[{"href":"https:\/\/selecla.fr\/index.php\/wp-json\/wp\/v2\/product"}],"about":[{"href":"https:\/\/selecla.fr\/index.php\/wp-json\/wp\/v2\/types\/product"}],"replies":[{"embeddable":true,"href":"https:\/\/selecla.fr\/index.php\/wp-json\/wp\/v2\/comments?post=827"}],"wp:featuredmedia":[{"embeddable":true,"href":"https:\/\/selecla.fr\/index.php\/wp-json\/wp\/v2\/media\/855"}],"wp:attachment":[{"href":"https:\/\/selecla.fr\/index.php\/wp-json\/wp\/v2\/media?parent=827"}],"wp:term":[{"taxonomy":"product_brand","embeddable":true,"href":"https:\/\/selecla.fr\/index.php\/wp-json\/wp\/v2\/product_brand?post=827"},{"taxonomy":"product_cat","embeddable":true,"href":"https:\/\/selecla.fr\/index.php\/wp-json\/wp\/v2\/product_cat?post=827"},{"taxonomy":"product_tag","embeddable":true,"href":"https:\/\/selecla.fr\/index.php\/wp-json\/wp\/v2\/product_tag?post=827"}],"curies":[{"name":"wp","href":"https:\/\/api.w.org\/{rel}","templated":true}]}}