{"id":864,"date":"2024-01-23T14:23:38","date_gmt":"2024-01-23T13:23:38","guid":{"rendered":"https:\/\/selecla.fr\/?post_type=product&#038;p=864"},"modified":"2024-02-12T21:01:11","modified_gmt":"2024-02-12T20:01:11","slug":"creme-corps-enveloppante","status":"publish","type":"product","link":"https:\/\/selecla.fr\/index.php\/produit\/creme-corps-enveloppante\/","title":{"rendered":"Cr\u00e8me corps enveloppante"},"content":{"rendered":"<h2><\/h2>\n<p><strong>Pr\u00e9sentation<\/strong><\/p>\n<p>Le beurre de mangue et l\u2019huile de macadamia,\u00a0 composant ce soin, nourrissent et assouplissent le corps<\/p>\n<p>Appliquez,\u00a0 sur une peau nettoy\u00e9e et masser jusqu&rsquo;\u00e0 p\u00e9n\u00e9tration.\u00a0 Peut \u00eatre utilis\u00e9e plusieurs fois par jour si le besoin se fait ressentir.<\/p>\n<p><strong>Composition<\/strong><\/p>\n<p>Liste INCI : Citrus aurantium amara flower water*, sesamum indicum seed oil*, , <span style=\"font-size: 1rem;\">mangifera indica seed butter*, <\/span><span style=\"font-size: 1rem;\">glycerin<\/span><sup>1<\/sup><span style=\"font-size: 1rem;\">, macadamia ternifolia seed oil*, cetearyl olivate, sorbitan olivate, cera alba* , aqua<\/span><span style=\"font-size: 1rem;\">, <\/span><span style=\"font-size: 1rem;\">\u00a0xanthane gum,\u00a0 tocopherol, deshydroacetic acid, benzyl alcohol.<\/span><\/p>\n<p>* Ingr\u00e9dients issus de\u00a0l\u2019agriculture biologique.<\/p>\n<p><sup>1 <\/sup>Fabriqu\u00e9 \u00e0 partir d\u2019ingr\u00e9dients biologiques.<\/p>\n<p>99% du total des ingr\u00e9dients d\u2019origine naturelle.<br \/>\n92,25% du total des ingr\u00e9dients issus de l\u2019Agriculture Biologique<\/p>\n<p>Volume 100mL<\/p>\n<p>&nbsp;<\/p>\n","protected":false},"excerpt":{"rendered":"<p><span style=\"color: #ffcc99;\"><strong>CREME CORPS<\/strong> <\/span>\u00a0\u00e0 la fleur d&rsquo;oranger<\/p>\n<p>Flacon de 100mL<\/p>\n<p>&nbsp;<\/p>\n","protected":false},"featured_media":862,"comment_status":"open","ping_status":"closed","template":"","meta":[],"product_brand":[],"product_cat":[22,24],"product_tag":[],"class_list":{"0":"post-864","1":"product","2":"type-product","3":"status-publish","4":"has-post-thumbnail","6":"product_cat-soins-du-corps","7":"product_cat-tous-les-soins","9":"first","10":"instock","11":"shipping-taxable","12":"purchasable","13":"product-type-simple"},"yoast_head":"<!-- This site is optimized with the Yoast SEO plugin v27.4 - https:\/\/yoast.com\/product\/yoast-seo-wordpress\/ -->\n<title>Cr\u00e8me corps enveloppante - Cr\u00e9atrice et fabricante de produits de beaut\u00e9<\/title>\n<meta name=\"robots\" content=\"index, follow, max-snippet:-1, max-image-preview:large, max-video-preview:-1\" \/>\n<link rel=\"canonical\" href=\"https:\/\/selecla.fr\/index.php\/produit\/creme-corps-enveloppante\/\" \/>\n<meta property=\"og:locale\" content=\"fr_FR\" \/>\n<meta property=\"og:type\" content=\"article\" \/>\n<meta property=\"og:title\" content=\"Cr\u00e8me corps enveloppante - Cr\u00e9atrice et fabricante de produits de beaut\u00e9\" \/>\n<meta property=\"og:description\" content=\"CREME CORPS \u00a0\u00e0 la fleur d&#039;oranger  Flacon de 100mL  &nbsp;\" \/>\n<meta property=\"og:url\" content=\"https:\/\/selecla.fr\/index.php\/produit\/creme-corps-enveloppante\/\" \/>\n<meta property=\"og:site_name\" content=\"Cr\u00e9atrice et fabricante de produits de beaut\u00e9\" \/>\n<meta property=\"article:modified_time\" content=\"2024-02-12T20:01:11+00:00\" \/>\n<meta property=\"og:image\" content=\"https:\/\/selecla.fr\/wp-content\/uploads\/2024\/01\/Untitled-image-68.png\" \/>\n\t<meta property=\"og:image:width\" content=\"648\" \/>\n\t<meta property=\"og:image:height\" content=\"648\" \/>\n\t<meta property=\"og:image:type\" content=\"image\/png\" \/>\n<meta name=\"twitter:card\" content=\"summary_large_image\" \/>\n<meta name=\"twitter:label1\" content=\"Dur\u00e9e de lecture estim\u00e9e\" \/>\n\t<meta name=\"twitter:data1\" content=\"1 minute\" \/>\n<script type=\"application\/ld+json\" class=\"yoast-schema-graph\">{\"@context\":\"https:\\\/\\\/schema.org\",\"@graph\":[{\"@type\":\"WebPage\",\"@id\":\"https:\\\/\\\/selecla.fr\\\/index.php\\\/produit\\\/creme-corps-enveloppante\\\/\",\"url\":\"https:\\\/\\\/selecla.fr\\\/index.php\\\/produit\\\/creme-corps-enveloppante\\\/\",\"name\":\"Cr\u00e8me corps enveloppante - Cr\u00e9atrice et fabricante de produits de beaut\u00e9\",\"isPartOf\":{\"@id\":\"https:\\\/\\\/selecla.fr\\\/#website\"},\"primaryImageOfPage\":{\"@id\":\"https:\\\/\\\/selecla.fr\\\/index.php\\\/produit\\\/creme-corps-enveloppante\\\/#primaryimage\"},\"image\":{\"@id\":\"https:\\\/\\\/selecla.fr\\\/index.php\\\/produit\\\/creme-corps-enveloppante\\\/#primaryimage\"},\"thumbnailUrl\":\"https:\\\/\\\/i0.wp.com\\\/selecla.fr\\\/wp-content\\\/uploads\\\/2024\\\/01\\\/Untitled-image-68.png?fit=648%2C648&ssl=1\",\"datePublished\":\"2024-01-23T13:23:38+00:00\",\"dateModified\":\"2024-02-12T20:01:11+00:00\",\"breadcrumb\":{\"@id\":\"https:\\\/\\\/selecla.fr\\\/index.php\\\/produit\\\/creme-corps-enveloppante\\\/#breadcrumb\"},\"inLanguage\":\"fr-FR\",\"potentialAction\":[{\"@type\":\"ReadAction\",\"target\":[\"https:\\\/\\\/selecla.fr\\\/index.php\\\/produit\\\/creme-corps-enveloppante\\\/\"]}]},{\"@type\":\"ImageObject\",\"inLanguage\":\"fr-FR\",\"@id\":\"https:\\\/\\\/selecla.fr\\\/index.php\\\/produit\\\/creme-corps-enveloppante\\\/#primaryimage\",\"url\":\"https:\\\/\\\/i0.wp.com\\\/selecla.fr\\\/wp-content\\\/uploads\\\/2024\\\/01\\\/Untitled-image-68.png?fit=648%2C648&ssl=1\",\"contentUrl\":\"https:\\\/\\\/i0.wp.com\\\/selecla.fr\\\/wp-content\\\/uploads\\\/2024\\\/01\\\/Untitled-image-68.png?fit=648%2C648&ssl=1\",\"width\":648,\"height\":648},{\"@type\":\"BreadcrumbList\",\"@id\":\"https:\\\/\\\/selecla.fr\\\/index.php\\\/produit\\\/creme-corps-enveloppante\\\/#breadcrumb\",\"itemListElement\":[{\"@type\":\"ListItem\",\"position\":1,\"name\":\"Boutique\",\"item\":\"https:\\\/\\\/selecla.fr\\\/\"},{\"@type\":\"ListItem\",\"position\":2,\"name\":\"LA BOUTIQUE\",\"item\":\"https:\\\/\\\/selecla.fr\\\/\"},{\"@type\":\"ListItem\",\"position\":3,\"name\":\"Cr\u00e8me corps enveloppante\"}]},{\"@type\":\"WebSite\",\"@id\":\"https:\\\/\\\/selecla.fr\\\/#website\",\"url\":\"https:\\\/\\\/selecla.fr\\\/\",\"name\":\"Cr\u00e9atrice et fabricante de produits de beaut\u00e9\",\"description\":\"Fabrication artisanale   en Provence\",\"publisher\":{\"@id\":\"https:\\\/\\\/selecla.fr\\\/#organization\"},\"potentialAction\":[{\"@type\":\"SearchAction\",\"target\":{\"@type\":\"EntryPoint\",\"urlTemplate\":\"https:\\\/\\\/selecla.fr\\\/?s={search_term_string}\"},\"query-input\":{\"@type\":\"PropertyValueSpecification\",\"valueRequired\":true,\"valueName\":\"search_term_string\"}}],\"inLanguage\":\"fr-FR\"},{\"@type\":\"Organization\",\"@id\":\"https:\\\/\\\/selecla.fr\\\/#organization\",\"name\":\"Cr\u00e9atrice et fabricante de produits de beaut\u00e9\",\"url\":\"https:\\\/\\\/selecla.fr\\\/\",\"logo\":{\"@type\":\"ImageObject\",\"inLanguage\":\"fr-FR\",\"@id\":\"https:\\\/\\\/selecla.fr\\\/#\\\/schema\\\/logo\\\/image\\\/\",\"url\":\"https:\\\/\\\/i0.wp.com\\\/selecla.fr\\\/wp-content\\\/uploads\\\/2025\\\/12\\\/cropped-SELECLA_LOGO_WHITE_2048_CROP.png?fit=747%2C250&ssl=1\",\"contentUrl\":\"https:\\\/\\\/i0.wp.com\\\/selecla.fr\\\/wp-content\\\/uploads\\\/2025\\\/12\\\/cropped-SELECLA_LOGO_WHITE_2048_CROP.png?fit=747%2C250&ssl=1\",\"width\":747,\"height\":250,\"caption\":\"Cr\u00e9atrice et fabricante de produits de beaut\u00e9\"},\"image\":{\"@id\":\"https:\\\/\\\/selecla.fr\\\/#\\\/schema\\\/logo\\\/image\\\/\"}}]}<\/script>\n<!-- \/ Yoast SEO plugin. -->","yoast_head_json":{"title":"Cr\u00e8me corps enveloppante - Cr\u00e9atrice et fabricante de produits de beaut\u00e9","robots":{"index":"index","follow":"follow","max-snippet":"max-snippet:-1","max-image-preview":"max-image-preview:large","max-video-preview":"max-video-preview:-1"},"canonical":"https:\/\/selecla.fr\/index.php\/produit\/creme-corps-enveloppante\/","og_locale":"fr_FR","og_type":"article","og_title":"Cr\u00e8me corps enveloppante - Cr\u00e9atrice et fabricante de produits de beaut\u00e9","og_description":"CREME CORPS \u00a0\u00e0 la fleur d'oranger  Flacon de 100mL  &nbsp;","og_url":"https:\/\/selecla.fr\/index.php\/produit\/creme-corps-enveloppante\/","og_site_name":"Cr\u00e9atrice et fabricante de produits de beaut\u00e9","article_modified_time":"2024-02-12T20:01:11+00:00","og_image":[{"width":648,"height":648,"url":"https:\/\/selecla.fr\/wp-content\/uploads\/2024\/01\/Untitled-image-68.png","type":"image\/png"}],"twitter_card":"summary_large_image","twitter_misc":{"Dur\u00e9e de lecture estim\u00e9e":"1 minute"},"schema":{"@context":"https:\/\/schema.org","@graph":[{"@type":"WebPage","@id":"https:\/\/selecla.fr\/index.php\/produit\/creme-corps-enveloppante\/","url":"https:\/\/selecla.fr\/index.php\/produit\/creme-corps-enveloppante\/","name":"Cr\u00e8me corps enveloppante - Cr\u00e9atrice et fabricante de produits de beaut\u00e9","isPartOf":{"@id":"https:\/\/selecla.fr\/#website"},"primaryImageOfPage":{"@id":"https:\/\/selecla.fr\/index.php\/produit\/creme-corps-enveloppante\/#primaryimage"},"image":{"@id":"https:\/\/selecla.fr\/index.php\/produit\/creme-corps-enveloppante\/#primaryimage"},"thumbnailUrl":"https:\/\/i0.wp.com\/selecla.fr\/wp-content\/uploads\/2024\/01\/Untitled-image-68.png?fit=648%2C648&ssl=1","datePublished":"2024-01-23T13:23:38+00:00","dateModified":"2024-02-12T20:01:11+00:00","breadcrumb":{"@id":"https:\/\/selecla.fr\/index.php\/produit\/creme-corps-enveloppante\/#breadcrumb"},"inLanguage":"fr-FR","potentialAction":[{"@type":"ReadAction","target":["https:\/\/selecla.fr\/index.php\/produit\/creme-corps-enveloppante\/"]}]},{"@type":"ImageObject","inLanguage":"fr-FR","@id":"https:\/\/selecla.fr\/index.php\/produit\/creme-corps-enveloppante\/#primaryimage","url":"https:\/\/i0.wp.com\/selecla.fr\/wp-content\/uploads\/2024\/01\/Untitled-image-68.png?fit=648%2C648&ssl=1","contentUrl":"https:\/\/i0.wp.com\/selecla.fr\/wp-content\/uploads\/2024\/01\/Untitled-image-68.png?fit=648%2C648&ssl=1","width":648,"height":648},{"@type":"BreadcrumbList","@id":"https:\/\/selecla.fr\/index.php\/produit\/creme-corps-enveloppante\/#breadcrumb","itemListElement":[{"@type":"ListItem","position":1,"name":"Boutique","item":"https:\/\/selecla.fr\/"},{"@type":"ListItem","position":2,"name":"LA BOUTIQUE","item":"https:\/\/selecla.fr\/"},{"@type":"ListItem","position":3,"name":"Cr\u00e8me corps enveloppante"}]},{"@type":"WebSite","@id":"https:\/\/selecla.fr\/#website","url":"https:\/\/selecla.fr\/","name":"Cr\u00e9atrice et fabricante de produits de beaut\u00e9","description":"Fabrication artisanale   en Provence","publisher":{"@id":"https:\/\/selecla.fr\/#organization"},"potentialAction":[{"@type":"SearchAction","target":{"@type":"EntryPoint","urlTemplate":"https:\/\/selecla.fr\/?s={search_term_string}"},"query-input":{"@type":"PropertyValueSpecification","valueRequired":true,"valueName":"search_term_string"}}],"inLanguage":"fr-FR"},{"@type":"Organization","@id":"https:\/\/selecla.fr\/#organization","name":"Cr\u00e9atrice et fabricante de produits de beaut\u00e9","url":"https:\/\/selecla.fr\/","logo":{"@type":"ImageObject","inLanguage":"fr-FR","@id":"https:\/\/selecla.fr\/#\/schema\/logo\/image\/","url":"https:\/\/i0.wp.com\/selecla.fr\/wp-content\/uploads\/2025\/12\/cropped-SELECLA_LOGO_WHITE_2048_CROP.png?fit=747%2C250&ssl=1","contentUrl":"https:\/\/i0.wp.com\/selecla.fr\/wp-content\/uploads\/2025\/12\/cropped-SELECLA_LOGO_WHITE_2048_CROP.png?fit=747%2C250&ssl=1","width":747,"height":250,"caption":"Cr\u00e9atrice et fabricante de produits de beaut\u00e9"},"image":{"@id":"https:\/\/selecla.fr\/#\/schema\/logo\/image\/"}}]}},"jetpack_sharing_enabled":true,"_links":{"self":[{"href":"https:\/\/selecla.fr\/index.php\/wp-json\/wp\/v2\/product\/864","targetHints":{"allow":["GET"]}}],"collection":[{"href":"https:\/\/selecla.fr\/index.php\/wp-json\/wp\/v2\/product"}],"about":[{"href":"https:\/\/selecla.fr\/index.php\/wp-json\/wp\/v2\/types\/product"}],"replies":[{"embeddable":true,"href":"https:\/\/selecla.fr\/index.php\/wp-json\/wp\/v2\/comments?post=864"}],"wp:featuredmedia":[{"embeddable":true,"href":"https:\/\/selecla.fr\/index.php\/wp-json\/wp\/v2\/media\/862"}],"wp:attachment":[{"href":"https:\/\/selecla.fr\/index.php\/wp-json\/wp\/v2\/media?parent=864"}],"wp:term":[{"taxonomy":"product_brand","embeddable":true,"href":"https:\/\/selecla.fr\/index.php\/wp-json\/wp\/v2\/product_brand?post=864"},{"taxonomy":"product_cat","embeddable":true,"href":"https:\/\/selecla.fr\/index.php\/wp-json\/wp\/v2\/product_cat?post=864"},{"taxonomy":"product_tag","embeddable":true,"href":"https:\/\/selecla.fr\/index.php\/wp-json\/wp\/v2\/product_tag?post=864"}],"curies":[{"name":"wp","href":"https:\/\/api.w.org\/{rel}","templated":true}]}}