{"id":922,"date":"2025-01-21T14:31:18","date_gmt":"2025-01-21T13:31:18","guid":{"rendered":"https:\/\/selecla.fr\/?post_type=product&#038;p=922"},"modified":"2025-01-21T14:45:28","modified_gmt":"2025-01-21T13:45:28","slug":"huile-corporelle","status":"publish","type":"product","link":"https:\/\/selecla.fr\/index.php\/produit\/huile-corporelle\/","title":{"rendered":"Huile corporelle"},"content":{"rendered":"<h2><\/h2>\n<p><strong>Pr\u00e9sentation<\/strong><\/p>\n<p>Les huiles de macadamia et d&rsquo;abricot,\u00a0 qui composent ce soin, nourrissent et assouplissent le corps.<\/p>\n<p>Appliquez,\u00a0 sur une peau nettoy\u00e9e et masser jusqu&rsquo;\u00e0 p\u00e9n\u00e9tration.\u00a0 Peut \u00eatre utilis\u00e9e plusieurs fois par jour si le besoin se fait ressentir.<\/p>\n<p><strong>Profil<\/strong><\/p>\n<p>Texture : fine et p\u00e9n\u00e9trante<\/p>\n<p>Odeur :\u00a0 noisette<\/p>\n<p>Type de peaux : tout type de peau<\/p>\n<p>Vertus des huiles :\u00a0 <span style=\"font-size: 1rem;\">Nourrissantes \/ Hydratantes<\/span><\/p>\n<p><strong>Conseils d&rsquo;utilisation\u00a0<\/strong><\/p>\n<p>Appliquez\u00a0 l&rsquo;huile sur le corps puis massez d\u00e9licatement jusqu&rsquo;\u00e0 p\u00e9n\u00e9tration du produit.<\/p>\n<p>Appliquez matin et \/ ou soir sur une peau parfaitement nettoy\u00e9e.<\/p>\n<p><strong>Composition<\/strong><\/p>\n<p>Liste INCI :\u00a0 sesamum indicum seed oil*,\u00a0<span style=\"font-size: 1rem;\">dicaprylyl ether,\u00a0<\/span><span style=\"font-size: 1rem;\">macadamia ternifolia seed oil*, <\/span><span style=\"font-size: 1rem;\">prunus armeniaca kerlel oil*<\/span><span style=\"font-size: 1rem;\">.<\/span><\/p>\n<p>* Ingr\u00e9dients issus de\u00a0l\u2019agriculture biologique.<\/p>\n<p>100% du total des ingr\u00e9dients d\u2019origine naturelle.<br \/>\n77% du total des ingr\u00e9dients issus de l\u2019Agriculture Biologique<\/p>\n<p>Volume 100mL<\/p>\n<p>&nbsp;<\/p>\n","protected":false},"excerpt":{"rendered":"<p><span style=\"color: #ffcc99;\"><strong>HUILE CORPORELLE<\/strong>\u00a0<\/span> \u00e0 l&rsquo;huile de macadamia<\/p>\n<p>Flacon de 100mL<\/p>\n<p>&nbsp;<\/p>\n","protected":false},"featured_media":862,"comment_status":"open","ping_status":"closed","template":"","meta":[],"product_brand":[],"product_cat":[22,24],"product_tag":[],"class_list":{"0":"post-922","1":"product","2":"type-product","3":"status-publish","4":"has-post-thumbnail","6":"product_cat-soins-du-corps","7":"product_cat-tous-les-soins","9":"first","10":"instock","11":"shipping-taxable","12":"purchasable","13":"product-type-simple"},"yoast_head":"<!-- This site is optimized with the Yoast SEO plugin v27.4 - https:\/\/yoast.com\/product\/yoast-seo-wordpress\/ -->\n<title>Huile corporelle - Cr\u00e9atrice et fabricante de produits de beaut\u00e9<\/title>\n<meta name=\"robots\" content=\"index, follow, max-snippet:-1, max-image-preview:large, max-video-preview:-1\" \/>\n<link rel=\"canonical\" href=\"https:\/\/selecla.fr\/index.php\/produit\/huile-corporelle\/\" \/>\n<meta property=\"og:locale\" content=\"fr_FR\" \/>\n<meta property=\"og:type\" content=\"article\" \/>\n<meta property=\"og:title\" content=\"Huile corporelle - Cr\u00e9atrice et fabricante de produits de beaut\u00e9\" \/>\n<meta property=\"og:description\" content=\"HUILE CORPORELLE\u00a0 \u00e0 l&#039;huile de macadamia  Flacon de 100mL  &nbsp;\" \/>\n<meta property=\"og:url\" content=\"https:\/\/selecla.fr\/index.php\/produit\/huile-corporelle\/\" \/>\n<meta property=\"og:site_name\" content=\"Cr\u00e9atrice et fabricante de produits de beaut\u00e9\" \/>\n<meta property=\"article:modified_time\" content=\"2025-01-21T13:45:28+00:00\" \/>\n<meta property=\"og:image\" content=\"https:\/\/selecla.fr\/wp-content\/uploads\/2024\/01\/Untitled-image-68.png\" \/>\n\t<meta property=\"og:image:width\" content=\"648\" \/>\n\t<meta property=\"og:image:height\" content=\"648\" \/>\n\t<meta property=\"og:image:type\" content=\"image\/png\" \/>\n<meta name=\"twitter:card\" content=\"summary_large_image\" \/>\n<meta name=\"twitter:label1\" content=\"Dur\u00e9e de lecture estim\u00e9e\" \/>\n\t<meta name=\"twitter:data1\" content=\"1 minute\" \/>\n<script type=\"application\/ld+json\" class=\"yoast-schema-graph\">{\"@context\":\"https:\\\/\\\/schema.org\",\"@graph\":[{\"@type\":\"WebPage\",\"@id\":\"https:\\\/\\\/selecla.fr\\\/index.php\\\/produit\\\/huile-corporelle\\\/\",\"url\":\"https:\\\/\\\/selecla.fr\\\/index.php\\\/produit\\\/huile-corporelle\\\/\",\"name\":\"Huile corporelle - Cr\u00e9atrice et fabricante de produits de beaut\u00e9\",\"isPartOf\":{\"@id\":\"https:\\\/\\\/selecla.fr\\\/#website\"},\"primaryImageOfPage\":{\"@id\":\"https:\\\/\\\/selecla.fr\\\/index.php\\\/produit\\\/huile-corporelle\\\/#primaryimage\"},\"image\":{\"@id\":\"https:\\\/\\\/selecla.fr\\\/index.php\\\/produit\\\/huile-corporelle\\\/#primaryimage\"},\"thumbnailUrl\":\"https:\\\/\\\/i0.wp.com\\\/selecla.fr\\\/wp-content\\\/uploads\\\/2024\\\/01\\\/Untitled-image-68.png?fit=648%2C648&ssl=1\",\"datePublished\":\"2025-01-21T13:31:18+00:00\",\"dateModified\":\"2025-01-21T13:45:28+00:00\",\"breadcrumb\":{\"@id\":\"https:\\\/\\\/selecla.fr\\\/index.php\\\/produit\\\/huile-corporelle\\\/#breadcrumb\"},\"inLanguage\":\"fr-FR\",\"potentialAction\":[{\"@type\":\"ReadAction\",\"target\":[\"https:\\\/\\\/selecla.fr\\\/index.php\\\/produit\\\/huile-corporelle\\\/\"]}]},{\"@type\":\"ImageObject\",\"inLanguage\":\"fr-FR\",\"@id\":\"https:\\\/\\\/selecla.fr\\\/index.php\\\/produit\\\/huile-corporelle\\\/#primaryimage\",\"url\":\"https:\\\/\\\/i0.wp.com\\\/selecla.fr\\\/wp-content\\\/uploads\\\/2024\\\/01\\\/Untitled-image-68.png?fit=648%2C648&ssl=1\",\"contentUrl\":\"https:\\\/\\\/i0.wp.com\\\/selecla.fr\\\/wp-content\\\/uploads\\\/2024\\\/01\\\/Untitled-image-68.png?fit=648%2C648&ssl=1\",\"width\":648,\"height\":648},{\"@type\":\"BreadcrumbList\",\"@id\":\"https:\\\/\\\/selecla.fr\\\/index.php\\\/produit\\\/huile-corporelle\\\/#breadcrumb\",\"itemListElement\":[{\"@type\":\"ListItem\",\"position\":1,\"name\":\"Boutique\",\"item\":\"https:\\\/\\\/selecla.fr\\\/\"},{\"@type\":\"ListItem\",\"position\":2,\"name\":\"LA BOUTIQUE\",\"item\":\"https:\\\/\\\/selecla.fr\\\/\"},{\"@type\":\"ListItem\",\"position\":3,\"name\":\"Huile corporelle\"}]},{\"@type\":\"WebSite\",\"@id\":\"https:\\\/\\\/selecla.fr\\\/#website\",\"url\":\"https:\\\/\\\/selecla.fr\\\/\",\"name\":\"Cr\u00e9atrice et fabricante de produits de beaut\u00e9\",\"description\":\"Fabrication artisanale   en Provence\",\"publisher\":{\"@id\":\"https:\\\/\\\/selecla.fr\\\/#organization\"},\"potentialAction\":[{\"@type\":\"SearchAction\",\"target\":{\"@type\":\"EntryPoint\",\"urlTemplate\":\"https:\\\/\\\/selecla.fr\\\/?s={search_term_string}\"},\"query-input\":{\"@type\":\"PropertyValueSpecification\",\"valueRequired\":true,\"valueName\":\"search_term_string\"}}],\"inLanguage\":\"fr-FR\"},{\"@type\":\"Organization\",\"@id\":\"https:\\\/\\\/selecla.fr\\\/#organization\",\"name\":\"Cr\u00e9atrice et fabricante de produits de beaut\u00e9\",\"url\":\"https:\\\/\\\/selecla.fr\\\/\",\"logo\":{\"@type\":\"ImageObject\",\"inLanguage\":\"fr-FR\",\"@id\":\"https:\\\/\\\/selecla.fr\\\/#\\\/schema\\\/logo\\\/image\\\/\",\"url\":\"https:\\\/\\\/i0.wp.com\\\/selecla.fr\\\/wp-content\\\/uploads\\\/2025\\\/12\\\/cropped-SELECLA_LOGO_WHITE_2048_CROP.png?fit=747%2C250&ssl=1\",\"contentUrl\":\"https:\\\/\\\/i0.wp.com\\\/selecla.fr\\\/wp-content\\\/uploads\\\/2025\\\/12\\\/cropped-SELECLA_LOGO_WHITE_2048_CROP.png?fit=747%2C250&ssl=1\",\"width\":747,\"height\":250,\"caption\":\"Cr\u00e9atrice et fabricante de produits de beaut\u00e9\"},\"image\":{\"@id\":\"https:\\\/\\\/selecla.fr\\\/#\\\/schema\\\/logo\\\/image\\\/\"}}]}<\/script>\n<!-- \/ Yoast SEO plugin. -->","yoast_head_json":{"title":"Huile corporelle - Cr\u00e9atrice et fabricante de produits de beaut\u00e9","robots":{"index":"index","follow":"follow","max-snippet":"max-snippet:-1","max-image-preview":"max-image-preview:large","max-video-preview":"max-video-preview:-1"},"canonical":"https:\/\/selecla.fr\/index.php\/produit\/huile-corporelle\/","og_locale":"fr_FR","og_type":"article","og_title":"Huile corporelle - Cr\u00e9atrice et fabricante de produits de beaut\u00e9","og_description":"HUILE CORPORELLE\u00a0 \u00e0 l'huile de macadamia  Flacon de 100mL  &nbsp;","og_url":"https:\/\/selecla.fr\/index.php\/produit\/huile-corporelle\/","og_site_name":"Cr\u00e9atrice et fabricante de produits de beaut\u00e9","article_modified_time":"2025-01-21T13:45:28+00:00","og_image":[{"width":648,"height":648,"url":"https:\/\/selecla.fr\/wp-content\/uploads\/2024\/01\/Untitled-image-68.png","type":"image\/png"}],"twitter_card":"summary_large_image","twitter_misc":{"Dur\u00e9e de lecture estim\u00e9e":"1 minute"},"schema":{"@context":"https:\/\/schema.org","@graph":[{"@type":"WebPage","@id":"https:\/\/selecla.fr\/index.php\/produit\/huile-corporelle\/","url":"https:\/\/selecla.fr\/index.php\/produit\/huile-corporelle\/","name":"Huile corporelle - Cr\u00e9atrice et fabricante de produits de beaut\u00e9","isPartOf":{"@id":"https:\/\/selecla.fr\/#website"},"primaryImageOfPage":{"@id":"https:\/\/selecla.fr\/index.php\/produit\/huile-corporelle\/#primaryimage"},"image":{"@id":"https:\/\/selecla.fr\/index.php\/produit\/huile-corporelle\/#primaryimage"},"thumbnailUrl":"https:\/\/i0.wp.com\/selecla.fr\/wp-content\/uploads\/2024\/01\/Untitled-image-68.png?fit=648%2C648&ssl=1","datePublished":"2025-01-21T13:31:18+00:00","dateModified":"2025-01-21T13:45:28+00:00","breadcrumb":{"@id":"https:\/\/selecla.fr\/index.php\/produit\/huile-corporelle\/#breadcrumb"},"inLanguage":"fr-FR","potentialAction":[{"@type":"ReadAction","target":["https:\/\/selecla.fr\/index.php\/produit\/huile-corporelle\/"]}]},{"@type":"ImageObject","inLanguage":"fr-FR","@id":"https:\/\/selecla.fr\/index.php\/produit\/huile-corporelle\/#primaryimage","url":"https:\/\/i0.wp.com\/selecla.fr\/wp-content\/uploads\/2024\/01\/Untitled-image-68.png?fit=648%2C648&ssl=1","contentUrl":"https:\/\/i0.wp.com\/selecla.fr\/wp-content\/uploads\/2024\/01\/Untitled-image-68.png?fit=648%2C648&ssl=1","width":648,"height":648},{"@type":"BreadcrumbList","@id":"https:\/\/selecla.fr\/index.php\/produit\/huile-corporelle\/#breadcrumb","itemListElement":[{"@type":"ListItem","position":1,"name":"Boutique","item":"https:\/\/selecla.fr\/"},{"@type":"ListItem","position":2,"name":"LA BOUTIQUE","item":"https:\/\/selecla.fr\/"},{"@type":"ListItem","position":3,"name":"Huile corporelle"}]},{"@type":"WebSite","@id":"https:\/\/selecla.fr\/#website","url":"https:\/\/selecla.fr\/","name":"Cr\u00e9atrice et fabricante de produits de beaut\u00e9","description":"Fabrication artisanale   en Provence","publisher":{"@id":"https:\/\/selecla.fr\/#organization"},"potentialAction":[{"@type":"SearchAction","target":{"@type":"EntryPoint","urlTemplate":"https:\/\/selecla.fr\/?s={search_term_string}"},"query-input":{"@type":"PropertyValueSpecification","valueRequired":true,"valueName":"search_term_string"}}],"inLanguage":"fr-FR"},{"@type":"Organization","@id":"https:\/\/selecla.fr\/#organization","name":"Cr\u00e9atrice et fabricante de produits de beaut\u00e9","url":"https:\/\/selecla.fr\/","logo":{"@type":"ImageObject","inLanguage":"fr-FR","@id":"https:\/\/selecla.fr\/#\/schema\/logo\/image\/","url":"https:\/\/i0.wp.com\/selecla.fr\/wp-content\/uploads\/2025\/12\/cropped-SELECLA_LOGO_WHITE_2048_CROP.png?fit=747%2C250&ssl=1","contentUrl":"https:\/\/i0.wp.com\/selecla.fr\/wp-content\/uploads\/2025\/12\/cropped-SELECLA_LOGO_WHITE_2048_CROP.png?fit=747%2C250&ssl=1","width":747,"height":250,"caption":"Cr\u00e9atrice et fabricante de produits de beaut\u00e9"},"image":{"@id":"https:\/\/selecla.fr\/#\/schema\/logo\/image\/"}}]}},"jetpack_sharing_enabled":true,"_links":{"self":[{"href":"https:\/\/selecla.fr\/index.php\/wp-json\/wp\/v2\/product\/922","targetHints":{"allow":["GET"]}}],"collection":[{"href":"https:\/\/selecla.fr\/index.php\/wp-json\/wp\/v2\/product"}],"about":[{"href":"https:\/\/selecla.fr\/index.php\/wp-json\/wp\/v2\/types\/product"}],"replies":[{"embeddable":true,"href":"https:\/\/selecla.fr\/index.php\/wp-json\/wp\/v2\/comments?post=922"}],"wp:featuredmedia":[{"embeddable":true,"href":"https:\/\/selecla.fr\/index.php\/wp-json\/wp\/v2\/media\/862"}],"wp:attachment":[{"href":"https:\/\/selecla.fr\/index.php\/wp-json\/wp\/v2\/media?parent=922"}],"wp:term":[{"taxonomy":"product_brand","embeddable":true,"href":"https:\/\/selecla.fr\/index.php\/wp-json\/wp\/v2\/product_brand?post=922"},{"taxonomy":"product_cat","embeddable":true,"href":"https:\/\/selecla.fr\/index.php\/wp-json\/wp\/v2\/product_cat?post=922"},{"taxonomy":"product_tag","embeddable":true,"href":"https:\/\/selecla.fr\/index.php\/wp-json\/wp\/v2\/product_tag?post=922"}],"curies":[{"name":"wp","href":"https:\/\/api.w.org\/{rel}","templated":true}]}}